{"id":3952,"date":"2024-12-16T15:16:02","date_gmt":"2024-12-16T14:16:02","guid":{"rendered":"https:\/\/levosil.com\/cookie-policy\/"},"modified":"2024-12-16T15:27:27","modified_gmt":"2024-12-16T14:27:27","slug":"cookie-policy","status":"publish","type":"page","link":"https:\/\/levosil.com\/it\/cookie-policy\/","title":{"rendered":"Cookie Policy"},"content":{"rendered":"\n<h1 class=\"wp-block-heading\">Cookie Policy<\/h1>\n\n\n\n<p>Il sito web <a href=\"https:\/\/www.levosil.com\">www.levosil.com<\/a> (di seguito il \u201cSito\u201d) salva i cookie sul browser usato dall\u2019utente interessato per la trasmissione di informazioni di carattere personale e per potenziarne l\u2019esperienza. Infatti, i cookie sono stringhe di testo di piccole dimensioni che i siti visitati dall\u2019utente inviano al suo terminale (solitamente al browser), dove vengono memorizzati, a volte anche con caratteristiche di ampia persistenza temporale, per essere poi ritrasmessi agli stessi siti alla successiva visita.<\/p>\n\n\n\n<p>\u00c8 possibile per l\u2019utente scegliere se e quali cookie accettare, tenendo presente che rifiutarne l\u2019uso potrebbe influire sulla capacit\u00e0 di compiere alcune transazioni sul sito o sulla precisione ed adeguatezza di alcuni contenuti personalizzabili proposti o sulla capacit\u00e0 di riconoscere l\u2019utente da una visita a quella successiva. Nel caso non si compiesse alcuna scelta al riguardo, saranno applicate le impostazioni predefinite e tutti i cookie, solo quelli necessari, saranno attivati: comunque, in qualunque momento, si potr\u00e0 comunicare o modificare le decisioni al riguardo.<\/p>\n\n\n\n<p>Questo Sito utilizza i cookie per rendere i propri servizi semplici e efficienti per l\u2019utenza che visiona le pagine del Sito. Gli utenti che visionano il Sito vedranno inserite delle quantit\u00e0 minime di informazioni nei dispositivi in uso, che siano computer e device mobili, in piccoli file di testo denominati \u201ccookie\u201d salvati nelle directory utilizzate dal browser web dell\u2019Utente. Vi sono vari tipi di cookie, alcuni per rendere pi\u00f9 efficace l\u2019uso del Sito, altri per abilitare determinate funzionalit\u00e0.<\/p>\n\n\n\n<p>Utilizziamo i cookie per personalizzare contenuti ed annunci, per fornire funzionalit\u00e0 dei social media e per analizzare il nostro traffico. Analizzandoli in maniera particolareggiata i nostri cookie permettono di:<\/p>\n\n\n\n<h3 class=\"wp-block-heading\">Tipologie di Cookie<\/h3>\n\n\n\n<h4 class=\"wp-block-heading\">Cookie tecnici<\/h4>\n\n\n\n<p>Questa tipologia di cookie, che permette il corretto funzionamento di alcune sezioni del Sito, pu\u00f2 essere di due categorie:<\/p>\n\n\n\n<p>In particolare, si utilizzano i cosiddetti cookie di sessione, che non vengono memorizzati in modo persistente sul computer dell\u2019utente e svaniscono con la chiusura del browser e il cui uso \u00e8 strettamente limitato alla trasmissione di identificativi di sessione (costituiti da numeri casuali generati dal server) necessari per consentire l\u2019esplorazione sicura ed efficiente del Sito e che evitano il ricorso ad altre tecniche informatiche potenzialmente pregiudizievoli per la riservatezza della navigazione degli utenti e non consentono l\u2019acquisizione di dati personali identificativi dell\u2019utente.<\/p>\n\n\n\n<p>Questi cookie, inviati sempre dal nostro dominio, sono necessari a visualizzare correttamente il Sito e in relazione ai servizi tecnici offerti, verranno quindi sempre utilizzati e inviati, a meno che l\u2019utenza non modifichi le impostazioni nel proprio browser (inficiando cos\u00ec la visualizzazione delle pagine del Sito).<\/p>\n\n\n\n<h4 class=\"wp-block-heading\">Cookie analitici\/statistici<\/h4>\n\n\n\n<p>Poi si utilizzano cookie di analytics che aiutano a capire come i visitatori interagiscono con i contenuti del Sito, raccogliendo informazioni (provenienza geografica e web, tecnologia usata, lingua, pagine di ingresso, visitate, di uscita, tempi di permanenza, ecc.) e generando statistiche di utilizzo del Sito web senza identificazione personale dei singoli visitatori. Tutti questi sono da considerarsi cookie tecnici per i quali, non essendo necessario prestare il consenso, vige il meccanismo di opt-out. I cookie tecnici non sono comunicati a terzi in quanto necessari o utili al funzionamento del Sito; pertanto, sono trattati solo da soggetti qualificati come incaricati, Responsabili del trattamento o Amministratori di sistema.<\/p>\n\n\n\n<h4 class=\"wp-block-heading\">Cookie analitici di terze parti<\/h4>\n\n\n\n<p>Infine, il Sito incorpora cookie ed altri elementi (tag, pixel, ecc.) di terze parti (autonome e su cui il Titolare\/i Contitolari non ha\/hanno responsabilit\u00e0) che svolgono anche attivit\u00e0 di profilazione e per le quali si rimanda ai rispettivi siti:<\/p>\n\n\n\n<p>Questa tipologia di cookie integra funzionalit\u00e0 sviluppate da terzi all\u2019interno delle pagine del Sito come le icone e le preferenze espresse nei social network al fine di condivisione dei contenuti del Sito o per l\u2019uso di servizi software di terze parti (come i software per generare le mappe e ulteriori software che offrono servizi aggiuntivi). Questi cookie sono inviati da domini di terze parti e da siti partner che offrono le loro funzionalit\u00e0 tra le pagine del Sito.<\/p>\n\n\n\n<h4 class=\"wp-block-heading\">Cookie di marketing<\/h4>\n\n\n\n<p>I cookie di marketing vengono utilizzati per tracciare i visitatori sul Sito web. La finalit\u00e0 \u00e8 quella di presentare annunci pubblicitari che siano rilevanti e coinvolgenti per il singolo utente e quindi di maggior valore per editori e inserzionisti di terze parti.<\/p>\n\n\n\n<h4 class=\"wp-block-heading\">Quali cookies sono contenuti all\u2019interno del nostro sito internet<\/h4>\n\n\n\n<p>Il sito internet <a href=\"https:\/\/www.levosil.com\">www.levosil.com<\/a> contiene i seguenti cookies, cos\u00ec riepilogati:<\/p>\n\n\n\n<h3 class=\"wp-block-heading\">MODALIT\u00c0 DI GESTIONE DEL CONSENSO E DINIEGO AI COOKIE<\/h3>\n\n\n\n<p>Quando l\u2019utente accede al Sito, e ha il browser impostato in modo che accetti i cookie, pu\u00f2 esprimere le sue preferenze in merito alle varie tipologie di cookie attraverso il popup banner visualizzato sulle pagine del Sito. Tali preferenze verranno registrate in un\u2019apposita piattaforma di gestione del consenso ai cookie, sviluppata in conformit\u00e0 ai principi della normativa sul trattamento dei dati personali applicabile per consentire all\u2019utente di esercitare le sue scelte in maniera granulare. La piattaforma di gestione del consenso consente di prestare o negare il consenso a varie tipologie di cookie, sia rilasciati direttamente da Levosil S.p.a., sia da suoi eventuali partner e fornitori; ci\u00f2 significa che non \u00e8 necessario esprimere una preferenza per ciascun singolo cookie o per ciascuna terza parte. Le diverse tipologie di cookie sono identificate e classificate sulla base delle finalit\u00e0 per le quali i cookie vengono rilasciati e utilizzati, rendendo pi\u00f9 semplice ed immediato il loro riconoscimento.<\/p>\n\n\n\n<p>In particolare, quando l\u2019utente accede al sito, tramite il popup banner, puoi scegliere di:<\/p>\n\n\n\n<h3 class=\"wp-block-heading\">COME MODIFICARE LE SCELTE RELATIVE AI COOKIE TRAMITE IL SITO?<\/h3>\n\n\n\n<p>Nell\u2019eventualit\u00e0 che l\u2019utente abbia gi\u00e0 espresso le sue preferenze e quindi, accedendo al Sito, non visualizzi il popup banner, pu\u00f2 in ogni momento accedere alla piattaforma di gestione del consenso e modificare le sue scelte in relazione ai cookie. A riguardo, \u00e8 importante che l\u2019utente sappia che le preferenze espresse sul Sito saranno valide per l\u2019intero dominio di secondo livello a cui appartiene.<\/p>\n\n\n\n<h4 class=\"wp-block-heading\">Disabilitazione dei cookie<\/h4>\n\n\n\n<p>Quasi tutti i browser offrono la possibilit\u00e0 di gestire e non abilitare i cookie, in modo da rispettare le preferenze degli utenti. In alcuni browser \u00e8 possibile impostare regole per gestire i cookie sito per sito, opzione che offre un controllo pi\u00f9 preciso sulla privacy dell\u2019utente; un\u2019altra funzione disponibile su alcuni browser \u00e8 la modalit\u00e0 di navigazione in incognito, in modo che tutti i cookie creati in questa modalit\u00e0 siano eliminati dopo la chiusura.<\/p>\n\n\n\n<p>Consultare le seguenti istruzioni per la gestione dei cookie nei relativi browser: Chrome, Firefox, Edge, Safari.<\/p>\n\n\n\n<p>Per ulteriori informazioni: <a>info@levosil.com<\/a><\/p>\n","protected":false},"excerpt":{"rendered":"<p>Cookie Policy Il sito web www.levosil.com (di seguito il \u201cSito\u201d) salva i cookie sul browser usato dall\u2019utente interessato per la trasmissione di informazioni di carattere personale e per potenziarne l\u2019esperienza. Infatti, i cookie sono stringhe di testo di piccole dimensioni che i siti visitati dall\u2019utente inviano al suo terminale (solitamente al browser), dove vengono memorizzati, [&hellip;]<\/p>\n","protected":false},"author":1,"featured_media":0,"parent":0,"menu_order":0,"comment_status":"closed","ping_status":"closed","template":"","meta":{"footnotes":""},"class_list":["post-3952","page","type-page","status-publish","hentry"],"_links":{"self":[{"href":"https:\/\/levosil.com\/it\/wp-json\/wp\/v2\/pages\/3952","targetHints":{"allow":["GET"]}}],"collection":[{"href":"https:\/\/levosil.com\/it\/wp-json\/wp\/v2\/pages"}],"about":[{"href":"https:\/\/levosil.com\/it\/wp-json\/wp\/v2\/types\/page"}],"author":[{"embeddable":true,"href":"https:\/\/levosil.com\/it\/wp-json\/wp\/v2\/users\/1"}],"replies":[{"embeddable":true,"href":"https:\/\/levosil.com\/it\/wp-json\/wp\/v2\/comments?post=3952"}],"version-history":[{"count":2,"href":"https:\/\/levosil.com\/it\/wp-json\/wp\/v2\/pages\/3952\/revisions"}],"predecessor-version":[{"id":3956,"href":"https:\/\/levosil.com\/it\/wp-json\/wp\/v2\/pages\/3952\/revisions\/3956"}],"wp:attachment":[{"href":"https:\/\/levosil.com\/it\/wp-json\/wp\/v2\/media?parent=3952"}],"curies":[{"name":"wp","href":"https:\/\/api.w.org\/{rel}","templated":true}]}}