{"id":3697,"date":"2024-09-17T15:41:04","date_gmt":"2024-09-17T13:41:04","guid":{"rendered":"https:\/\/levosil.com\/din-55474-standard\/"},"modified":"2024-11-28T16:28:34","modified_gmt":"2024-11-28T15:28:34","slug":"normativa-din-55474","status":"publish","type":"page","link":"https:\/\/levosil.com\/it\/normativa-din-55474\/","title":{"rendered":"Normativa DIN 55474"},"content":{"rendered":"<div id='av_section_1'  class='avia-section av-4gzo1k-92957825300dfe1e8772dcac71949869 main_color avia-section-default avia-no-border-styling  avia-builder-el-0  avia-builder-el-no-sibling  avia-bg-style-scroll container_wrap sidebar_right'  ><div class='container av-section-cont-open' ><main  role=\"main\" itemprop=\"mainContentOfPage\"  class='template-page content  av-content-small alpha units'><div class='post-entry post-entry-type-page post-entry-3697'><div class='entry-content-wrapper clearfix'>\n\n<style type=\"text\/css\" data-created_by=\"avia_inline_auto\" id=\"style-css-av-m199yjgs-882a781ecc6891e9fee66deb718639b5\">\n.flex_column.av-m199yjgs-882a781ecc6891e9fee66deb718639b5{\nborder-width:2px;\nborder-color:#354a5e;\nborder-style:solid;\nborder-radius:4px 4px 4px 4px;\npadding:24px 24px 24px 24px;\n}\n<\/style>\n<div  class='flex_column av-m199yjgs-882a781ecc6891e9fee66deb718639b5 av_one_third  avia-builder-el-1  el_before_av_two_third  avia-builder-el-first  first av-break-at-tablet flex_column_div av-parallax-object  ' data-parallax=\"{&quot;parallax&quot;:&quot;no_parallax&quot;,&quot;parallax_speed&quot;:&quot;no_parallax&quot;,&quot;av-desktop-parallax&quot;:&quot;bottom_top&quot;,&quot;av-desktop-parallax_speed&quot;:&quot;-4&quot;,&quot;av-medium-parallax&quot;:&quot;inherit&quot;,&quot;av-medium-parallax_speed&quot;:&quot;inherit&quot;,&quot;av-small-parallax&quot;:&quot;inherit&quot;,&quot;av-small-parallax_speed&quot;:&quot;inherit&quot;,&quot;av-mini-parallax&quot;:&quot;inherit&quot;,&quot;av-mini-parallax_speed&quot;:&quot;inherit&quot;,&quot;parallax-container&quot;:&quot;.av-m199yjgs-882a781ecc6891e9fee66deb718639b5&quot;}\"    ><style type=\"text\/css\" data-created_by=\"avia_inline_auto\" id=\"style-css-av-m199dyte-cacc8a8f52f6e1ff419cf3df1fa382c9\">\n#top .av-special-heading.av-m199dyte-cacc8a8f52f6e1ff419cf3df1fa382c9{\npadding-bottom:10px;\n}\nbody .av-special-heading.av-m199dyte-cacc8a8f52f6e1ff419cf3df1fa382c9 .av-special-heading-tag .heading-char{\nfont-size:25px;\n}\n.av-special-heading.av-m199dyte-cacc8a8f52f6e1ff419cf3df1fa382c9 .av-subheading{\nfont-size:15px;\n}\n<\/style>\n<div  class='av-special-heading av-m199dyte-cacc8a8f52f6e1ff419cf3df1fa382c9 av-special-heading-h3 blockquote modern-quote  avia-builder-el-2  avia-builder-el-no-sibling '><h3 class='av-special-heading-tag '  itemprop=\"headline\"  >Normativa DIN 55474<\/h3><div class='av-subheading av-subheading_below'><p>Calcolo del numero di unit\u00e0 disidratanti necessarie nell\u2019imballo.<\/p>\n<\/div><div class=\"special-heading-border\"><div class=\"special-heading-inner-border\"><\/div><\/div><\/div><\/div><div  class='flex_column av-26kf20-a4fb897325d16d665e99f20e1eb78ade av_two_third  avia-builder-el-3  el_after_av_one_third  avia-builder-el-last  av-break-at-tablet flex_column_div  '     ><p><br \/>\n<section  id=\"calculator\"  class='av_textblock_section av-m41dg6zh-dfc403337ae4808010cd7eefe230c28f '   itemscope=\"itemscope\" itemtype=\"https:\/\/schema.org\/CreativeWork\" ><div class='avia_textblock text-small'  itemprop=\"text\" ><p>Questo tool \u00e8 basato sulle pi\u00f9 recenti norme internazionali di settore. Levosil spa, tuttavia, non garantisce n\u00e9 assicura che i risultati siano corretti ed applicabili a tutte gli scenari di utilizzo. Per questo suggeriamo caldamente di rivolgersi al personale di supporto della Levosil SpA per rivedere insieme all&#8217;utente il calcolo e verificarne la correttezza.<\/p>\n<\/div><\/section><\/p><\/div><\/div><\/div><\/main><!-- close content main element --><\/div><\/div><div id='after_section_1'  class='main_color av_default_container_wrap container_wrap sidebar_right'  ><div class='container av-section-cont-open' ><div class='template-page content  av-content-small alpha units'><div class='post-entry post-entry-type-page post-entry-3697'><div class='entry-content-wrapper clearfix'>\n","protected":false},"excerpt":{"rendered":"","protected":false},"author":1,"featured_media":0,"parent":0,"menu_order":0,"comment_status":"closed","ping_status":"closed","template":"","meta":{"footnotes":""},"class_list":["post-3697","page","type-page","status-publish","hentry"],"_links":{"self":[{"href":"https:\/\/levosil.com\/it\/wp-json\/wp\/v2\/pages\/3697","targetHints":{"allow":["GET"]}}],"collection":[{"href":"https:\/\/levosil.com\/it\/wp-json\/wp\/v2\/pages"}],"about":[{"href":"https:\/\/levosil.com\/it\/wp-json\/wp\/v2\/types\/page"}],"author":[{"embeddable":true,"href":"https:\/\/levosil.com\/it\/wp-json\/wp\/v2\/users\/1"}],"replies":[{"embeddable":true,"href":"https:\/\/levosil.com\/it\/wp-json\/wp\/v2\/comments?post=3697"}],"version-history":[{"count":14,"href":"https:\/\/levosil.com\/it\/wp-json\/wp\/v2\/pages\/3697\/revisions"}],"predecessor-version":[{"id":3757,"href":"https:\/\/levosil.com\/it\/wp-json\/wp\/v2\/pages\/3697\/revisions\/3757"}],"wp:attachment":[{"href":"https:\/\/levosil.com\/it\/wp-json\/wp\/v2\/media?parent=3697"}],"curies":[{"name":"wp","href":"https:\/\/api.w.org\/{rel}","templated":true}]}}