{"id":3267,"date":"2024-05-06T17:04:48","date_gmt":"2024-05-06T15:04:48","guid":{"rendered":"https:\/\/levosil.com\/levosil-company\/"},"modified":"2025-04-08T12:41:06","modified_gmt":"2025-04-08T10:41:06","slug":"azienda-levosil","status":"publish","type":"page","link":"https:\/\/levosil.com\/it\/azienda-levosil\/","title":{"rendered":"L\u2019azienda"},"content":{"rendered":"\n<style type=\"text\/css\" data-created_by=\"avia_inline_auto\" id=\"style-css-av-lvw6e69l-61b81543fb0e524154761190431f85bd\">\n.avia-section.av-lvw6e69l-61b81543fb0e524154761190431f85bd{\nbackground-repeat:no-repeat;\nbackground-image:url(https:\/\/levosil.com\/wp-content\/uploads\/2024\/05\/sfondo-azienda.jpg);\nbackground-position:50% 50%;\nbackground-attachment:scroll;\n}\n.avia-section.av-lvw6e69l-61b81543fb0e524154761190431f85bd .av-section-color-overlay{\nopacity:0.5;\nbackground-color:#354a5e;\n}\n<\/style>\n<div id='av_section_1'  class='avia-section av-lvw6e69l-61b81543fb0e524154761190431f85bd main_color avia-section-huge avia-no-border-styling  avia-builder-el-0  el_before_av_section  avia-builder-el-first  avia-full-stretch avia-bg-style-scroll av-section-color-overlay-active container_wrap sidebar_right'  data-section-bg-repeat='stretch'><div class=\"av-section-color-overlay-wrap\"><div class=\"av-section-color-overlay\"><\/div><div class='container av-section-cont-open' ><main  role=\"main\" itemprop=\"mainContentOfPage\"  class='template-page content  av-content-small alpha units'><div class='post-entry post-entry-type-page post-entry-3267'><div class='entry-content-wrapper clearfix'>\n<div  class='flex_column av-o5e3-0c3b466a0ce651bb7de4457af461c62a av_one_full  avia-builder-el-1  avia-builder-el-no-sibling  first flex_column_div  '     ><style type=\"text\/css\" data-created_by=\"avia_inline_auto\" id=\"style-css-av-lvw6eh0p-00d373d667ba34db0b70750a351a3d7b\">\n#top .av-special-heading.av-lvw6eh0p-00d373d667ba34db0b70750a351a3d7b{\npadding-bottom:10px;\ncolor:#ffffff;\n}\nbody .av-special-heading.av-lvw6eh0p-00d373d667ba34db0b70750a351a3d7b .av-special-heading-tag .heading-char{\nfont-size:25px;\n}\n.av-special-heading.av-lvw6eh0p-00d373d667ba34db0b70750a351a3d7b .special-heading-inner-border{\nborder-color:#ffffff;\n}\n.av-special-heading.av-lvw6eh0p-00d373d667ba34db0b70750a351a3d7b .av-subheading{\nfont-size:15px;\n}\n<\/style>\n<div  class='av-special-heading av-lvw6eh0p-00d373d667ba34db0b70750a351a3d7b av-special-heading-h1 custom-color-heading blockquote modern-quote  avia-builder-el-2  avia-builder-el-no-sibling '><div class='av_custom_color av-subheading av-subheading_above'><span><span><a href=\"https:\/\/levosil.com\/it\/home\/\">Home<\/a><\/span><\/span>\n<\/div><h1 class='av-special-heading-tag '  itemprop=\"headline\"  >L\u2019azienda<\/h1><div class=\"special-heading-border\"><div class=\"special-heading-inner-border\"><\/div><\/div><\/div><\/div>\n\n<\/div><\/div><\/main><!-- close content main element --><\/div><\/div><\/div><div id='av_section_2'  class='avia-section av-34ym3-85b8e90c00bbf4da97582d657330f244 alternate_color avia-section-huge avia-no-border-styling  avia-builder-el-3  el_after_av_section  el_before_av_section  avia-bg-style-scroll container_wrap sidebar_right'  ><div class='container av-section-cont-open' ><div class='template-page content  av-content-small alpha units'><div class='post-entry post-entry-type-page post-entry-3267'><div class='entry-content-wrapper clearfix'>\n<div  class='flex_column av-3jwnj-cf146d8bd2b0f5c3cc26cf1a23927c53 av_one_full  avia-builder-el-4  avia-builder-el-no-sibling  first flex_column_div  '     ><p>\n<style type=\"text\/css\" data-created_by=\"avia_inline_auto\" id=\"style-css-av-lvw6s4wd-f110234177f1582f71c17e5f70af0427\">\n#top .av-special-heading.av-lvw6s4wd-f110234177f1582f71c17e5f70af0427{\npadding-bottom:30px;\n}\nbody .av-special-heading.av-lvw6s4wd-f110234177f1582f71c17e5f70af0427 .av-special-heading-tag .heading-char{\nfont-size:25px;\n}\n.av-special-heading.av-lvw6s4wd-f110234177f1582f71c17e5f70af0427 .av-subheading{\nfont-size:15px;\n}\n<\/style>\n<div  class='av-special-heading av-lvw6s4wd-f110234177f1582f71c17e5f70af0427 av-special-heading-h2 blockquote modern-quote  avia-builder-el-5  el_before_av_textblock  avia-builder-el-first '><h2 class='av-special-heading-tag '  itemprop=\"headline\"  >Soluzioni innovative per l\u2019umidit\u00e0 dal 1964<\/h2><div class=\"special-heading-border\"><div class=\"special-heading-inner-border\"><\/div><\/div><\/div><br \/>\n<section  class='av_textblock_section av-lvw6s25o-b86e059125353f561068404d5551c99f '   itemscope=\"itemscope\" itemtype=\"https:\/\/schema.org\/CreativeWork\" ><div class='avia_textblock'  itemprop=\"text\" ><p><span style=\"font-weight: 400;\">Levosil, azienda italiana pioniera nel settore della protezione degli imballaggi dall\u2019umidit\u00e0, ha iniziato la sua attivit\u00e0 nel 1964. Da oltre mezzo secolo, Levosil mantiene attiva la produzione di sacchetti disidratanti e indicatori di umidit\u00e0 in Italia. Levosil \u00e8 attualmente presente in tutto il mondo ed offre il suo know-how per preservare la qualit\u00e0 dei prodotti ed evitare danni legati all&#8217;umidit\u00e0 in qualsiasi imballaggio. Levosil innova continuamente i suoi prodotti e amplia la sua linea di prodotti introducendo nel corso degli anni sempre nuovi prodotti: come, ad esempio, i Micro Bag per il Packaging Primario farmaceutico nel 2010, gli Indicatori di Umidit\u00e0 (HIC) 100% Cobalt Free nel 1999 o gelo di silice indicatore anch\u2019 esso completamente privo di cobalto (Brown Indicating Silica Gel).<br \/>\n<\/span><span style=\"font-weight: 400;\">Il reparto di produzione farmaceutica, operativo da oltre 20 anni, \u00e8 certificato ISO 15378 dal 2014 ed \u00e8 idoneo alla produzione di prodotti MOCA. Levosil mantiene la produzione in Italia, garantendo risposte immediate e continuit\u00e0 produttiva a tutti i suoi clienti.<\/span><\/p>\n<\/div><\/section><\/p><\/div>\n\n<\/div><\/div><\/div><!-- close content main div --><\/div><\/div><div id='av_section_3'  class='avia-section av-4xewn-6122cc2b580e4555c3dd43883786920e main_color avia-section-huge avia-no-border-styling  avia-builder-el-7  el_after_av_section  el_before_av_horizontal_gallery  avia-bg-style-scroll container_wrap sidebar_right'  ><div class='container av-section-cont-open' ><div class='template-page content  av-content-small alpha units'><div class='post-entry post-entry-type-page post-entry-3267'><div class='entry-content-wrapper clearfix'>\n<div class='flex_column_table av-1zjbz-8aeb754a6f883fde7ed5a4d6c7406f4c sc-av_one_full av-break-at-tablet-flextable av-equal-height-column-flextable'>\n<style type=\"text\/css\" data-created_by=\"avia_inline_auto\" id=\"style-css-av-1zjbz-8aeb754a6f883fde7ed5a4d6c7406f4c\">\n.flex_column.av-1zjbz-8aeb754a6f883fde7ed5a4d6c7406f4c{\nwidth:100%;\nmargin-left:0;\n}\n#top .flex_column_table.av-equal-height-column-flextable.av-1zjbz-8aeb754a6f883fde7ed5a4d6c7406f4c .av-flex-placeholder{\nwidth:0%;\n}\n<\/style>\n<div  class='flex_column av-1zjbz-8aeb754a6f883fde7ed5a4d6c7406f4c av_one_full  avia-builder-el-8  el_before_av_one_half  avia-builder-el-first  first av-break-at-tablet flex_column_table_cell av-equal-height-column av-align-top  '     ><style type=\"text\/css\" data-created_by=\"avia_inline_auto\" id=\"style-css-av-lyws1y4w-48543163c00c4a6069b1ced2f65c405c\">\n#top .av-special-heading.av-lyws1y4w-48543163c00c4a6069b1ced2f65c405c{\npadding-bottom:30px;\n}\nbody .av-special-heading.av-lyws1y4w-48543163c00c4a6069b1ced2f65c405c .av-special-heading-tag .heading-char{\nfont-size:25px;\n}\n.av-special-heading.av-lyws1y4w-48543163c00c4a6069b1ced2f65c405c .av-subheading{\nfont-size:15px;\n}\n<\/style>\n<div  class='av-special-heading av-lyws1y4w-48543163c00c4a6069b1ced2f65c405c av-special-heading-h2 blockquote modern-quote  avia-builder-el-9  avia-builder-el-no-sibling '><h2 class='av-special-heading-tag '  itemprop=\"headline\"  >Qualit\u00e0<\/h2><div class=\"special-heading-border\"><div class=\"special-heading-inner-border\"><\/div><\/div><\/div><\/div><\/div><!--close column table wrapper. Autoclose: 1 --><div class='flex_column_table av-lywr8tt2-95a2c59aff9c2c0513d236c39461e9be sc-av_one_half av-break-at-tablet-flextable av-equal-height-column-flextable'>\n<style type=\"text\/css\" data-created_by=\"avia_inline_auto\" id=\"style-css-av-lywr8tt2-95a2c59aff9c2c0513d236c39461e9be\">\n.flex_column.av-lywr8tt2-95a2c59aff9c2c0513d236c39461e9be{\nwidth:47%;\nmargin-left:0;\n}\n#top .flex_column_table.av-equal-height-column-flextable.av-lywr8tt2-95a2c59aff9c2c0513d236c39461e9be .av-flex-placeholder{\nwidth:6%;\n}\n<\/style>\n<div  class='flex_column av-lywr8tt2-95a2c59aff9c2c0513d236c39461e9be av_one_half  avia-builder-el-10  el_after_av_one_full  el_before_av_one_half  first av-break-at-tablet flex_column_table_cell av-equal-height-column av-align-top  column-top-margin'     ><section  class='av_textblock_section av-lywr72z8-985c63d54b4c40c4be01994561cc2721 '   itemscope=\"itemscope\" itemtype=\"https:\/\/schema.org\/CreativeWork\" ><div class='avia_textblock custom-list'  itemprop=\"text\" ><h4>Certificazioni di qualit\u00e0:<\/h4>\n<ul>\n<li>UNI EN ISO 9001:2015 (dal 1999)<\/li>\n<li>ISO 15378:2017 (dal 2010)<\/li>\n<li>DIN 55473 (dal 1996)<\/li>\n<li>FSC (dal 2018)<\/li>\n<\/ul>\n<p>Sin dall&#8217;inizio, Levosil ha creduto nell&#8217;impegno per la qualit\u00e0 e, negli anni, ha integrato il suo sistema con varie certificazioni che coprono sia il sistema aziendale sia il prodotto stesso.<\/p>\n<\/div><\/section><br \/>\n<div  class='togglecontainer av-lywrh7w2-75ed29e4b3b20279df4d276309684b36 av-minimal-toggle  avia-builder-el-12  el_after_av_textblock  avia-builder-el-last  toggle_close_all' >\n<section class='av_toggle_section av-lywrg51h-951cb573e194532833de615f067fae0d'  itemscope=\"itemscope\" itemtype=\"https:\/\/schema.org\/CreativeWork\" ><div role=\"tablist\" class=\"single_toggle\" data-tags=\"{Tutto} \"  ><p id='toggle-toggle-id-1' data-fake-id='#toggle-id-1' class='toggler  av-title-above '  itemprop=\"headline\"  role='tab' tabindex='0' aria-controls='toggle-id-1' data-slide-speed=\"200\" data-title=\"Certificazione di Sistema\" data-title-open=\"\" data-aria_collapsed=\"Clicca per espandere: Certificazione di Sistema\" data-aria_expanded=\"Fare clic per chiudere: Certificazione di Sistema\">Certificazione di Sistema<span class=\"toggle_icon\"><span class=\"vert_icon\"><\/span><span class=\"hor_icon\"><\/span><\/span><\/p><div id='toggle-id-1' aria-labelledby='toggle-toggle-id-1' role='region' class='toggle_wrap  av-title-above'  ><div class='toggle_content invers-color '  itemprop=\"text\" ><p><strong>UNI EN ISO 9001:2015 (IT- 6770 \u2013 2017) |<\/strong> Ottenuta nel 1999, la certificazione ISO copre tutti gli aspetti della produzione. Si tratta di una certificazione globale sull\u2019intera struttura aziendale.<\/p>\n<p><img decoding=\"async\" class=\"alignnone size-full wp-image-4106\" src=\"https:\/\/levosil.com\/wp-content\/uploads\/2025\/04\/CQY_9.15_EN_RGB-web.png\" alt=\"\" width=\"130\" height=\"auto\" srcset=\"https:\/\/levosil.com\/wp-content\/uploads\/2025\/04\/CQY_9.15_EN_RGB-web.png 425w, https:\/\/levosil.com\/wp-content\/uploads\/2025\/04\/CQY_9.15_EN_RGB-web-266x300.png 266w\" sizes=\"(max-width: 425px) 100vw, 425px\" \/><\/p>\n<p><strong>ISO 15378:2017 (P3449) |<\/strong> Ottenuta nel 2018. Si tratta di una certificazione specifica per la produzione di packaging farmaceutico. Questa certificazione riguarda la linea di sacchetti disidratanti denominati Micro Bags.<\/p>\n<p><img decoding=\"async\" class=\"alignnone size-full wp-image-4108\" src=\"https:\/\/levosil.com\/wp-content\/uploads\/2025\/04\/CQY_15378.17_EN_RGB-web.png\" alt=\"\" width=\"130\" height=\"auto\" srcset=\"https:\/\/levosil.com\/wp-content\/uploads\/2025\/04\/CQY_15378.17_EN_RGB-web.png 470w, https:\/\/levosil.com\/wp-content\/uploads\/2025\/04\/CQY_15378.17_EN_RGB-web-294x300.png 294w, https:\/\/levosil.com\/wp-content\/uploads\/2025\/04\/CQY_15378.17_EN_RGB-web-36x36.png 36w\" sizes=\"(max-width: 470px) 100vw, 470px\" \/><\/p>\n<\/div><\/div><\/div><\/section>\n<section class='av_toggle_section av-lywrgq49-bf25f9f84e7d2b0c422252099354790a'  itemscope=\"itemscope\" itemtype=\"https:\/\/schema.org\/CreativeWork\" ><div role=\"tablist\" class=\"single_toggle\" data-tags=\"{Tutto} \"  ><p id='toggle-toggle-id-2' data-fake-id='#toggle-id-2' class='toggler  av-title-above '  itemprop=\"headline\"  role='tab' tabindex='0' aria-controls='toggle-id-2' data-slide-speed=\"200\" data-title=\"Certificazioni di Prodotto\" data-title-open=\"\" data-aria_collapsed=\"Clicca per espandere: Certificazioni di Prodotto\" data-aria_expanded=\"Fare clic per chiudere: Certificazioni di Prodotto\">Certificazioni di Prodotto<span class=\"toggle_icon\"><span class=\"vert_icon\"><\/span><span class=\"hor_icon\"><\/span><\/span><\/p><div id='toggle-id-2' aria-labelledby='toggle-toggle-id-2' role='region' class='toggle_wrap  av-title-above'  ><div class='toggle_content invers-color '  itemprop=\"text\" ><p><span style=\"font-weight: 400;\">DIN 55473 (5B002) Ottenuta nel 1996, \u00e8 una certificazione che definisce le caratteristiche qualitative dei sacchetti disidratanti. Tutti i sacchetti disidratanti prodotti da Levosil si basano su questo standard.<\/span><\/p>\n<p><img loading=\"lazy\" decoding=\"async\" class=\"alignnone wp-image-189\" src=\"https:\/\/levosil.com\/wp-content\/uploads\/2024\/05\/certificazione-din-300x293.png\" alt=\"\" width=\"130\" height=\"127\" srcset=\"https:\/\/levosil.com\/wp-content\/uploads\/2024\/05\/certificazione-din-300x293.png 300w, https:\/\/levosil.com\/wp-content\/uploads\/2024\/05\/certificazione-din-36x36.png 36w, https:\/\/levosil.com\/wp-content\/uploads\/2024\/05\/certificazione-din.png 700w\" sizes=\"auto, (max-width: 130px) 100vw, 130px\" \/><\/p>\n<p><span style=\"font-weight: 400;\">FSC (CQ \u2013 COC 000426) Levosil \u00e8 certificata FSC COC dal 2018. Questa certificazione garantisce l&#8217;origine sostenibile del materiale cartaceo utilizzato come involucro per alcuni sacchetti disidratanti.<\/span><\/p>\n<\/div><\/div><\/div><\/section>\n<\/div><\/p><\/div><div class='av-flex-placeholder'><\/div>\n<style type=\"text\/css\" data-created_by=\"avia_inline_auto\" id=\"style-css-av-1pcwb-7e05cab478e1b4507487067944cf2aa5\">\n.flex_column.av-1pcwb-7e05cab478e1b4507487067944cf2aa5{\nwidth:47%;\nmargin-left:0;\n}\n#top .flex_column_table.av-equal-height-column-flextable.av-1pcwb-7e05cab478e1b4507487067944cf2aa5 .av-flex-placeholder{\nwidth:6%;\n}\n<\/style>\n<div  class='flex_column av-1pcwb-7e05cab478e1b4507487067944cf2aa5 av_one_half  avia-builder-el-13  el_after_av_one_half  avia-builder-el-last  av-break-at-tablet flex_column_table_cell av-equal-height-column av-align-top  column-top-margin'     ><section  class='av_textblock_section av-ze93-7fdc3fbe39ad35a129d67bf1d6db2040 '   itemscope=\"itemscope\" itemtype=\"https:\/\/schema.org\/CreativeWork\" ><div class='avia_textblock'  itemprop=\"text\" ><h4>Ricerca e Sviluppo<\/h4>\n<p>Sin dalla sua fondazione nel 1964, Levosil si \u00e8 impegnata a fornire prodotti innovativi di alta qualit\u00e0 in grado di garantire soluzioni semplici ed efficienti ai problemi legati all&#8217;umidit\u00e0. Levosil dispone di un laboratorio interno di ricerca e sviluppo certificato ISO per eseguire test relativi all&#8217;umidit\u00e0, sviluppare nuovi prodotti o adattare ad esigenze particolari quelli esistenti. Levosil \u00e8 in grado di realizzare soluzioni disidratanti su misura e garantire una risposta immediata a richieste particolari.<\/p>\n<\/div><\/section><\/div><\/div><!--close column table wrapper. Autoclose: 1 -->\n<style type=\"text\/css\" data-created_by=\"avia_inline_auto\" id=\"style-css-av-lvw6h3i4-f90dde2ead2595006e8971710187287f\">\n.av-horizontal-gallery.av-lvw6h3i4-f90dde2ead2595006e8971710187287f .av-horizontal-gallery-inner{\npadding-bottom:20%;\n}\n<\/style>\n<div  class='av-horizontal-gallery av-lvw6h3i4-f90dde2ead2595006e8971710187287f av-horizontal-gallery-no-gap av-horizontal-gallery--effect  avia-builder-el-15  el_after_av_section  avia-builder-el-last  av-slideshow-ui av-control-minimal av-nav-arrows-visible av-nav-dots-visible av-no-slider-navigation av-slideshow-autoplay av-loop-endless av-loop-manual-endless av-horizontal-gallery-1' data-slideshow-data=\"{&quot;animation&quot;:&quot;slide&quot;,&quot;autoplay&quot;:true,&quot;loop_autoplay&quot;:&quot;endless&quot;,&quot;interval&quot;:5,&quot;loop_manual&quot;:&quot;manual-endless&quot;,&quot;autoplay_stopper&quot;:false,&quot;noNavigation&quot;:false,&quot;bg_slider&quot;:false,&quot;keep_padding&quot;:&quot;&quot;,&quot;hoverpause&quot;:false,&quot;show_slide_delay&quot;:0}\"  itemprop=\"image\" itemscope=\"itemscope\" itemtype=\"https:\/\/schema.org\/ImageObject\" ><div class='avia-slideshow-arrows avia-slideshow-controls' ><a href='#prev' class='prev-slide av-horizontal-gallery-prev avia-svg-icon avia-font-svg_entypo-fontello' data-av_svg_icon='left-open-big' data-av_iconset='svg_entypo-fontello' tabindex='-1' title=\"Prec\"><svg version=\"1.1\" xmlns=\"http:\/\/www.w3.org\/2000\/svg\" width=\"15\" height=\"32\" viewBox=\"0 0 15 32\" preserveAspectRatio=\"xMidYMid meet\" aria-labelledby='av-svg-title-1' aria-describedby='av-svg-desc-1' role=\"graphics-symbol\" aria-hidden=\"true\">\n<title id='av-svg-title-1'>Prec<\/title>\n<desc id='av-svg-desc-1'>Prec<\/desc>\n<path d=\"M14.464 27.84q0.832 0.832 0 1.536-0.832 0.832-1.536 0l-12.544-12.608q-0.768-0.768 0-1.6l12.544-12.608q0.704-0.832 1.536 0 0.832 0.704 0 1.536l-11.456 11.904z\"><\/path>\n<\/svg><span class='avia_hidden_link_text'>Prec<\/span><\/a><a href='#next' class='next-slide av-horizontal-gallery-next avia-svg-icon avia-font-svg_entypo-fontello' data-av_svg_icon='right-open-big' data-av_iconset='svg_entypo-fontello' tabindex='-1' title=\"Succ\"><svg version=\"1.1\" xmlns=\"http:\/\/www.w3.org\/2000\/svg\" width=\"15\" height=\"32\" viewBox=\"0 0 15 32\" preserveAspectRatio=\"xMidYMid meet\" aria-labelledby='av-svg-title-2' aria-describedby='av-svg-desc-2' role=\"graphics-symbol\" aria-hidden=\"true\">\n<title id='av-svg-title-2'>Succ<\/title>\n<desc id='av-svg-desc-2'>Succ<\/desc>\n<path d=\"M0.416 27.84l11.456-11.84-11.456-11.904q-0.832-0.832 0-1.536 0.832-0.832 1.536 0l12.544 12.608q0.768 0.832 0 1.6l-12.544 12.608q-0.704 0.832-1.536 0-0.832-0.704 0-1.536z\"><\/path>\n<\/svg><span class='avia_hidden_link_text'>Succ<\/span><\/a><\/div><div class='av-horizontal-gallery-inner' data-av-height='20'><div class=\"av-horizontal-gallery-slider\"><div class=\"av-horizontal-gallery-wrap noHover\"><img decoding=\"async\" fetchpriority=\"high\" class='wp-image-2788 avia-img-lazy-loading-not-2788 av-horizontal-gallery-img' width=\"1920\" height=\"1280\" src=\"https:\/\/levosil.com\/wp-content\/uploads\/2024\/10\/lvs-company-02-1.jpg\" title='lvs-company-02' alt='' srcset=\"https:\/\/levosil.com\/wp-content\/uploads\/2024\/10\/lvs-company-02-1.jpg 1920w, https:\/\/levosil.com\/wp-content\/uploads\/2024\/10\/lvs-company-02-1-300x200.jpg 300w, https:\/\/levosil.com\/wp-content\/uploads\/2024\/10\/lvs-company-02-1-1030x687.jpg 1030w, https:\/\/levosil.com\/wp-content\/uploads\/2024\/10\/lvs-company-02-1-768x512.jpg 768w, https:\/\/levosil.com\/wp-content\/uploads\/2024\/10\/lvs-company-02-1-1536x1024.jpg 1536w, https:\/\/levosil.com\/wp-content\/uploads\/2024\/10\/lvs-company-02-1-1500x1000.jpg 1500w, https:\/\/levosil.com\/wp-content\/uploads\/2024\/10\/lvs-company-02-1-705x470.jpg 705w\" sizes=\"(max-width: 1920px) 100vw, 1920px\" \/><\/div><div class=\"av-horizontal-gallery-wrap noHover\"><img decoding=\"async\" fetchpriority=\"high\" class='wp-image-2780 avia-img-lazy-loading-not-2780 av-horizontal-gallery-img' width=\"1920\" height=\"1282\" src=\"https:\/\/levosil.com\/wp-content\/uploads\/2024\/10\/lvs-company-05.jpg\" title='lvs-company-05' alt='' srcset=\"https:\/\/levosil.com\/wp-content\/uploads\/2024\/10\/lvs-company-05.jpg 1920w, https:\/\/levosil.com\/wp-content\/uploads\/2024\/10\/lvs-company-05-300x200.jpg 300w, https:\/\/levosil.com\/wp-content\/uploads\/2024\/10\/lvs-company-05-1030x688.jpg 1030w, https:\/\/levosil.com\/wp-content\/uploads\/2024\/10\/lvs-company-05-768x513.jpg 768w, https:\/\/levosil.com\/wp-content\/uploads\/2024\/10\/lvs-company-05-1536x1026.jpg 1536w, https:\/\/levosil.com\/wp-content\/uploads\/2024\/10\/lvs-company-05-1500x1002.jpg 1500w, https:\/\/levosil.com\/wp-content\/uploads\/2024\/10\/lvs-company-05-705x471.jpg 705w\" sizes=\"(max-width: 1920px) 100vw, 1920px\" \/><\/div><div class=\"av-horizontal-gallery-wrap noHover\"><img decoding=\"async\" fetchpriority=\"high\" class='wp-image-2778 avia-img-lazy-loading-not-2778 av-horizontal-gallery-img' width=\"1920\" height=\"1282\" src=\"https:\/\/levosil.com\/wp-content\/uploads\/2024\/10\/lvs-company-04.jpg\" title='lvs-company-04' alt='' srcset=\"https:\/\/levosil.com\/wp-content\/uploads\/2024\/10\/lvs-company-04.jpg 1920w, https:\/\/levosil.com\/wp-content\/uploads\/2024\/10\/lvs-company-04-300x200.jpg 300w, https:\/\/levosil.com\/wp-content\/uploads\/2024\/10\/lvs-company-04-1030x688.jpg 1030w, https:\/\/levosil.com\/wp-content\/uploads\/2024\/10\/lvs-company-04-768x513.jpg 768w, https:\/\/levosil.com\/wp-content\/uploads\/2024\/10\/lvs-company-04-1536x1026.jpg 1536w, https:\/\/levosil.com\/wp-content\/uploads\/2024\/10\/lvs-company-04-1500x1002.jpg 1500w, https:\/\/levosil.com\/wp-content\/uploads\/2024\/10\/lvs-company-04-705x471.jpg 705w\" sizes=\"(max-width: 1920px) 100vw, 1920px\" \/><\/div><div class=\"av-horizontal-gallery-wrap noHover\"><img decoding=\"async\" fetchpriority=\"high\" class='wp-image-2772 avia-img-lazy-loading-not-2772 av-horizontal-gallery-img' width=\"1920\" height=\"1282\" src=\"https:\/\/levosil.com\/wp-content\/uploads\/2024\/10\/lvs-company-01.jpg\" title='lvs-company-01' alt='' srcset=\"https:\/\/levosil.com\/wp-content\/uploads\/2024\/10\/lvs-company-01.jpg 1920w, https:\/\/levosil.com\/wp-content\/uploads\/2024\/10\/lvs-company-01-300x200.jpg 300w, https:\/\/levosil.com\/wp-content\/uploads\/2024\/10\/lvs-company-01-1030x688.jpg 1030w, https:\/\/levosil.com\/wp-content\/uploads\/2024\/10\/lvs-company-01-768x513.jpg 768w, https:\/\/levosil.com\/wp-content\/uploads\/2024\/10\/lvs-company-01-1536x1026.jpg 1536w, https:\/\/levosil.com\/wp-content\/uploads\/2024\/10\/lvs-company-01-1500x1002.jpg 1500w, https:\/\/levosil.com\/wp-content\/uploads\/2024\/10\/lvs-company-01-705x471.jpg 705w\" sizes=\"(max-width: 1920px) 100vw, 1920px\" \/><\/div><div class=\"av-horizontal-gallery-wrap noHover\"><img decoding=\"async\" fetchpriority=\"high\" class='wp-image-2782 avia-img-lazy-loading-not-2782 av-horizontal-gallery-img' width=\"1920\" height=\"1283\" src=\"https:\/\/levosil.com\/wp-content\/uploads\/2024\/10\/lvs-company-06.jpg\" title='lvs-company-06' alt='' srcset=\"https:\/\/levosil.com\/wp-content\/uploads\/2024\/10\/lvs-company-06.jpg 1920w, https:\/\/levosil.com\/wp-content\/uploads\/2024\/10\/lvs-company-06-300x200.jpg 300w, https:\/\/levosil.com\/wp-content\/uploads\/2024\/10\/lvs-company-06-1030x688.jpg 1030w, https:\/\/levosil.com\/wp-content\/uploads\/2024\/10\/lvs-company-06-768x513.jpg 768w, https:\/\/levosil.com\/wp-content\/uploads\/2024\/10\/lvs-company-06-1536x1026.jpg 1536w, https:\/\/levosil.com\/wp-content\/uploads\/2024\/10\/lvs-company-06-1500x1002.jpg 1500w, https:\/\/levosil.com\/wp-content\/uploads\/2024\/10\/lvs-company-06-705x471.jpg 705w\" sizes=\"(max-width: 1920px) 100vw, 1920px\" \/><\/div><div class=\"av-horizontal-gallery-wrap noHover\"><img decoding=\"async\" fetchpriority=\"high\" class='wp-image-2776 avia-img-lazy-loading-not-2776 av-horizontal-gallery-img' width=\"1920\" height=\"1282\" src=\"https:\/\/levosil.com\/wp-content\/uploads\/2024\/10\/lvs-company-03.jpg\" title='lvs-company-03' alt='' srcset=\"https:\/\/levosil.com\/wp-content\/uploads\/2024\/10\/lvs-company-03.jpg 1920w, https:\/\/levosil.com\/wp-content\/uploads\/2024\/10\/lvs-company-03-300x200.jpg 300w, https:\/\/levosil.com\/wp-content\/uploads\/2024\/10\/lvs-company-03-1030x688.jpg 1030w, https:\/\/levosil.com\/wp-content\/uploads\/2024\/10\/lvs-company-03-768x513.jpg 768w, https:\/\/levosil.com\/wp-content\/uploads\/2024\/10\/lvs-company-03-1536x1026.jpg 1536w, https:\/\/levosil.com\/wp-content\/uploads\/2024\/10\/lvs-company-03-1500x1002.jpg 1500w, https:\/\/levosil.com\/wp-content\/uploads\/2024\/10\/lvs-company-03-705x471.jpg 705w\" sizes=\"(max-width: 1920px) 100vw, 1920px\" \/><\/div><\/div><\/div><\/div><\/p>\n","protected":false},"excerpt":{"rendered":"","protected":false},"author":2,"featured_media":0,"parent":0,"menu_order":0,"comment_status":"closed","ping_status":"closed","template":"","meta":{"footnotes":""},"class_list":["post-3267","page","type-page","status-publish","hentry"],"_links":{"self":[{"href":"https:\/\/levosil.com\/it\/wp-json\/wp\/v2\/pages\/3267","targetHints":{"allow":["GET"]}}],"collection":[{"href":"https:\/\/levosil.com\/it\/wp-json\/wp\/v2\/pages"}],"about":[{"href":"https:\/\/levosil.com\/it\/wp-json\/wp\/v2\/types\/page"}],"author":[{"embeddable":true,"href":"https:\/\/levosil.com\/it\/wp-json\/wp\/v2\/users\/2"}],"replies":[{"embeddable":true,"href":"https:\/\/levosil.com\/it\/wp-json\/wp\/v2\/comments?post=3267"}],"version-history":[{"count":8,"href":"https:\/\/levosil.com\/it\/wp-json\/wp\/v2\/pages\/3267\/revisions"}],"predecessor-version":[{"id":4121,"href":"https:\/\/levosil.com\/it\/wp-json\/wp\/v2\/pages\/3267\/revisions\/4121"}],"wp:attachment":[{"href":"https:\/\/levosil.com\/it\/wp-json\/wp\/v2\/media?parent=3267"}],"curies":[{"name":"wp","href":"https:\/\/api.w.org\/{rel}","templated":true}]}}