{"id":3257,"date":"2024-05-07T17:40:06","date_gmt":"2024-05-07T15:40:06","guid":{"rendered":"https:\/\/levosil.com\/container-protection-2\/"},"modified":"2024-10-31T11:38:44","modified_gmt":"2024-10-31T10:38:44","slug":"protezione-dei-container","status":"publish","type":"page","link":"https:\/\/levosil.com\/it\/prodotti\/protezione-dei-container\/","title":{"rendered":"Protezione dei Container"},"content":{"rendered":"\n<style type=\"text\/css\" data-created_by=\"avia_inline_auto\" id=\"style-css-av-228305-428a675204b311fc192d9d58c94eee4c\">\n.avia-section.av-228305-428a675204b311fc192d9d58c94eee4c{\nbackground-color:#0062a3;\nbackground-image:unset;\n}\n<\/style>\n<div id='av_section_1'  class='avia-section av-228305-428a675204b311fc192d9d58c94eee4c alternate_color avia-section-huge avia-no-border-styling  avia-builder-el-0  el_before_av_section  avia-builder-el-first  avia-bg-style-scroll container_wrap sidebar_right'  ><div class='container av-section-cont-open' ><main  role=\"main\" itemprop=\"mainContentOfPage\"  class='template-page content  av-content-small alpha units'><div class='post-entry post-entry-type-page post-entry-3257'><div class='entry-content-wrapper clearfix'>\n<div  class='flex_column av-6rs0t-c65dbbf8859671b5ca2604e7ee72b627 av_one_full  avia-builder-el-1  avia-builder-el-no-sibling  first flex_column_div  '     ><p>\n<style type=\"text\/css\" data-created_by=\"avia_inline_auto\" id=\"style-css-av-1t278d-a80932255917d76f1ed69832025fdfac\">\n#top .av-special-heading.av-1t278d-a80932255917d76f1ed69832025fdfac{\npadding-bottom:10px;\ncolor:#ffffff;\n}\nbody .av-special-heading.av-1t278d-a80932255917d76f1ed69832025fdfac .av-special-heading-tag .heading-char{\nfont-size:25px;\n}\n.av-special-heading.av-1t278d-a80932255917d76f1ed69832025fdfac .special-heading-inner-border{\nborder-color:#ffffff;\n}\n.av-special-heading.av-1t278d-a80932255917d76f1ed69832025fdfac .av-subheading{\nfont-size:15px;\n}\n<\/style>\n<div  class='av-special-heading av-1t278d-a80932255917d76f1ed69832025fdfac av-special-heading-h1 custom-color-heading blockquote modern-quote  avia-builder-el-2  el_before_av_textblock  avia-builder-el-first '><div class='av_custom_color av-subheading av-subheading_above'><span><span><a href=\"https:\/\/levosil.com\/it\/home\/\">Home<\/a><\/span><\/span>\n<\/div><h1 class='av-special-heading-tag '  itemprop=\"headline\"  >Protezione dei Container<\/h1><div class=\"special-heading-border\"><div class=\"special-heading-inner-border\"><\/div><\/div><\/div><br \/>\n<section  class='av_textblock_section av-lyy822bt-1d96786046f26e413d258ff42b69770d '   itemscope=\"itemscope\" itemtype=\"https:\/\/schema.org\/CreativeWork\" ><div class='avia_textblock tag-neg'  itemprop=\"text\" ><p>&gt; protezione degli imballaggi<\/p>\n<\/div><\/section><\/p><\/div><\/div><\/div><\/main><!-- close content main element --><\/div><\/div><div id='av_section_2'  class='avia-section av-1na4hp-6c90fc56f3561c37ad42e1d2078df93b main_color avia-section-huge avia-no-border-styling  avia-builder-el-4  el_after_av_section  el_before_av_horizontal_gallery  avia-bg-style-scroll container_wrap sidebar_right'  ><div class='container av-section-cont-open' ><div class='template-page content  av-content-small alpha units'><div class='post-entry post-entry-type-page post-entry-3257'><div class='entry-content-wrapper clearfix'>\n<div  class='flex_column av-1dsqd9-e4a7156cade1ceeee5048ba5165647a0 av_one_full  avia-builder-el-5  el_before_av_one_full  avia-builder-el-first  first flex_column_div  '     ><p>\n<style type=\"text\/css\" data-created_by=\"avia_inline_auto\" id=\"style-css-av-1a9e9h-ac90e45d3ef817db2bbe0d1aba46373f\">\n#top .av-special-heading.av-1a9e9h-ac90e45d3ef817db2bbe0d1aba46373f{\npadding-bottom:30px;\n}\nbody .av-special-heading.av-1a9e9h-ac90e45d3ef817db2bbe0d1aba46373f .av-special-heading-tag .heading-char{\nfont-size:25px;\n}\n.av-special-heading.av-1a9e9h-ac90e45d3ef817db2bbe0d1aba46373f .av-subheading{\nfont-size:15px;\n}\n<\/style>\n<div  id=\"quote\"  class='av-special-heading av-1a9e9h-ac90e45d3ef817db2bbe0d1aba46373f av-special-heading-h2 blockquote modern-quote  avia-builder-el-6  el_before_av_textblock  avia-builder-el-first '><h2 class='av-special-heading-tag '  itemprop=\"headline\"  >Mantieni il carico asciutto e sicuro con il Levodry Gel durante spedizioni d\u2019oltremare<\/h2><div class=\"special-heading-border\"><div class=\"special-heading-inner-border\"><\/div><\/div><\/div><br \/>\n<section  class='av_textblock_section av-14ntbh-36516f0d2cf6027647dbaed54643cf9c '   itemscope=\"itemscope\" itemtype=\"https:\/\/schema.org\/CreativeWork\" ><div class='avia_textblock custom-list'  itemprop=\"text\" ><p>L&#8217;eccessiva umidit\u00e0 nei Container pu\u00f2 causare una serie di problemi:<\/p>\n<ul>\n<li><strong>Corrosione:<\/strong> i metalli e i componenti elettronici possono corrodersi, causando danni e potenziali guasti delle parti.<\/li>\n<li><strong>Muffe e funghi:<\/strong> materiali organici come tessuti, carta e legno possono sviluppare muffe e funghi, con conseguente deterioramento e rischi per la salute.<\/li>\n<li><strong>Danni all\u2019&#8217;imballaggio:<\/strong> l&#8217;umidit\u00e0 pu\u00f2 indebolire i materiali di imballaggio, compromettendo la protezione che forniscono al contenuto.<\/li>\n<li><strong>Deterioramento del prodotto:<\/strong> alimenti, prodotti farmaceutici e altri prodotti sensibili possono deteriorarsi se esposti a un&#8217;elevata umidit\u00e0, compromettendone la qualit\u00e0 e la sicurezza.<\/li>\n<li><strong>Impaccamento delle polveri:<\/strong> le polveri possono assorbire l&#8217;umidit\u00e0 e diventare dure o grumose, rendendole difficili da usare o lavorare.<\/li>\n<li><strong>Danni alle etichette:<\/strong> l&#8217;umidit\u00e0 pu\u00f2 causare il distacco o l&#8217;illeggibilit\u00e0 delle etichette, causando problemi con l&#8217;identificazione e la tracciabilit\u00e0 del prodotto.<\/li>\n<li><strong>Reazioni chimiche:<\/strong> alcune sostanze chimiche possono reagire con l&#8217;umidit\u00e0, causandone il degrado o portando a condizioni pericolose.<\/li>\n<li><strong>Riduzione della Shelf Life:<\/strong> molti prodotti, in particolare gli alimenti, possono avere una durata di conservazione drasticamente ridotta se esposti all&#8217;umidit\u00e0.<\/li>\n<\/ul>\n<\/div><\/section><\/p><\/div><div  class='flex_column av-9eu39-2492262149665e2dc7a9e7a893eb1e0f av_one_full  avia-builder-el-8  el_after_av_one_full  avia-builder-el-last  first flex_column_div  column-top-margin'     ><style type=\"text\/css\" data-created_by=\"avia_inline_auto\" id=\"style-css-av-lyy7cfb5-4b0014ce6452cc1f576a031539d9d888\">\n#top .av_textblock_section.av-lyy7cfb5-4b0014ce6452cc1f576a031539d9d888 .avia_textblock{\ncolumn-count:2;\ncolumn-gap:50px;\n}\n\n@media only screen and (max-width: 767px){ \n#top .av_textblock_section.av-lyy7cfb5-4b0014ce6452cc1f576a031539d9d888 .avia_textblock{\ncolumn-count:1;\n}\n.av_textblock_section.av-lyy7cfb5-4b0014ce6452cc1f576a031539d9d888 .avia_textblock.av_multi_colums > p:first-child{\nmargin-top:0.85em;\n}\n}\n<\/style>\n<section  class='av_textblock_section av-lyy7cfb5-4b0014ce6452cc1f576a031539d9d888 '   itemscope=\"itemscope\" itemtype=\"https:\/\/schema.org\/CreativeWork\" ><div class='avia_textblock custom-list av_multi_colums'  itemprop=\"text\" ><p>La rimozione dell\u2019umidit\u00e0 nei container \u00e8 particolarmente importante durante il trasporto delle acque minerali e delle Bevande in genere. L&#8217;umidit\u00e0 in eccesso pu\u00f2 compromettere l&#8217;integrit\u00e0 dell&#8217;imballaggio, causare danni alle etichette e favorire la formazione di muffe, compromettendo cos\u00ec la qualit\u00e0 del prodotto all&#8217;arrivo.<br \/>\nI disidratanti Levosil controllano efficacemente l&#8217;umidit\u00e0 durante il trasporto via mare, garantendo che le merci rimangano asciutte e protette dai danni legati all&#8217;umidit\u00e0 durante il trasporto. L&#8217;uso di disidratanti durante il trasporto in container via mare aiuta a mantenere la qualit\u00e0 delle merci trasportate e riduce le perdite dovute a danni, garantendo che i prodotti arrivino in condizioni ottimali. I sacchetti disidratanti utilizzati all&#8217;interno dei container durante il trasporto via mare sono adatti anche per la salvaguardia delle spedizioni alimentari, in quanto non alterano le propriet\u00e0 organolettiche degli alimenti trasportati e non emettono gas. Il Levodry Gel preserva i materiali trasportati esclusivamente rimuovendo l&#8217;umidit\u00e0 dall&#8217;ambiente.<\/p>\n<p>Levodry Gel \u00e8 uno dei prodotti disidratanti pi\u00f9 avanzati per la protezione dei contenitori attualmente prodotti da Levosil. Si tratta di un prodotto altamente attivo e caratterizzato da una notevole capacit\u00e0 disidratante (quantitativo in grammi di umidit\u00e0 assorbibile dall\u2019ambiente), che consente la protezione del contenuto del container per tutta la durata del trasporto via mare.<\/p>\n<ul>\n<li>Pu\u00f2 essere appeso agli anelli interni del container, in modo da non interferire durante il carico e lo scarico.<\/li>\n<li>La sua forma permette l&#8217;inserimento all&#8217;interno degli incavi delle pareti del container.<\/li>\n<li>\u00c8 disponibile anche in pannelli per essere posizionato sopra i pallet.<\/li>\n<li>\u00c8 facile da usare, in quanto deve solo essere appeso all&#8217;interno del container.<\/li>\n<li>Sicuro per l&#8217;uso con le spedizioni di cibo.<\/li>\n<li>Soddisfa le linee guida raccomandate per la spedizione di fave di cacao<\/li>\n<\/ul>\n<\/div><\/section><\/div>\n<\/p>\n\n<style type=\"text\/css\" data-created_by=\"avia_inline_auto\" id=\"style-css-av-bbbd9-fb707ee11621edde895026658eef0533\">\n.av-horizontal-gallery.av-bbbd9-fb707ee11621edde895026658eef0533 .av-horizontal-gallery-inner{\npadding-bottom:20%;\n}\n.av-horizontal-gallery.av-bbbd9-fb707ee11621edde895026658eef0533 .av-horizontal-gallery-slider{\ntransition-duration:0.2s;\n}\n<\/style>\n<div  class='av-horizontal-gallery av-bbbd9-fb707ee11621edde895026658eef0533 av-horizontal-gallery-no-gap av-horizontal-gallery--effect  avia-builder-el-10  el_after_av_section  el_before_av_section  av-slideshow-ui av-control-minimal av-nav-arrows-visible av-nav-dots-visible av-no-slider-navigation av-slideshow-autoplay av-loop-endless av-loop-manual-once av-horizontal-gallery-1' data-slideshow-data=\"{&quot;animation&quot;:&quot;slide&quot;,&quot;autoplay&quot;:true,&quot;loop_autoplay&quot;:&quot;endless&quot;,&quot;interval&quot;:3,&quot;loop_manual&quot;:&quot;manual-once&quot;,&quot;autoplay_stopper&quot;:false,&quot;noNavigation&quot;:false,&quot;bg_slider&quot;:false,&quot;transitionSpeed&quot;:200,&quot;keep_padding&quot;:&quot;&quot;,&quot;hoverpause&quot;:false,&quot;show_slide_delay&quot;:0}\"  itemprop=\"image\" itemscope=\"itemscope\" itemtype=\"https:\/\/schema.org\/ImageObject\" ><div class='avia-slideshow-arrows avia-slideshow-controls' ><a href='#prev' class='prev-slide av-horizontal-gallery-prev avia-svg-icon avia-font-svg_entypo-fontello' data-av_svg_icon='left-open-big' data-av_iconset='svg_entypo-fontello' tabindex='-1' title=\"Prec\"><svg version=\"1.1\" xmlns=\"http:\/\/www.w3.org\/2000\/svg\" width=\"15\" height=\"32\" viewBox=\"0 0 15 32\" preserveAspectRatio=\"xMidYMid meet\" aria-labelledby='av-svg-title-1' aria-describedby='av-svg-desc-1' role=\"graphics-symbol\" aria-hidden=\"true\">\n<title id='av-svg-title-1'>Prec<\/title>\n<desc id='av-svg-desc-1'>Prec<\/desc>\n<path d=\"M14.464 27.84q0.832 0.832 0 1.536-0.832 0.832-1.536 0l-12.544-12.608q-0.768-0.768 0-1.6l12.544-12.608q0.704-0.832 1.536 0 0.832 0.704 0 1.536l-11.456 11.904z\"><\/path>\n<\/svg><span class='avia_hidden_link_text'>Prec<\/span><\/a><a href='#next' class='next-slide av-horizontal-gallery-next avia-svg-icon avia-font-svg_entypo-fontello' data-av_svg_icon='right-open-big' data-av_iconset='svg_entypo-fontello' tabindex='-1' title=\"Succ\"><svg version=\"1.1\" xmlns=\"http:\/\/www.w3.org\/2000\/svg\" width=\"15\" height=\"32\" viewBox=\"0 0 15 32\" preserveAspectRatio=\"xMidYMid meet\" aria-labelledby='av-svg-title-2' aria-describedby='av-svg-desc-2' role=\"graphics-symbol\" aria-hidden=\"true\">\n<title id='av-svg-title-2'>Succ<\/title>\n<desc id='av-svg-desc-2'>Succ<\/desc>\n<path d=\"M0.416 27.84l11.456-11.84-11.456-11.904q-0.832-0.832 0-1.536 0.832-0.832 1.536 0l12.544 12.608q0.768 0.832 0 1.6l-12.544 12.608q-0.704 0.832-1.536 0-0.832-0.704 0-1.536z\"><\/path>\n<\/svg><span class='avia_hidden_link_text'>Succ<\/span><\/a><\/div><div class='av-horizontal-gallery-inner' data-av-height='20'><div class=\"av-horizontal-gallery-slider\"><div class=\"av-horizontal-gallery-wrap noHover\"><img decoding=\"async\" fetchpriority=\"high\" class='wp-image-2978 avia-img-lazy-loading-not-2978 av-horizontal-gallery-img' width=\"1920\" height=\"1280\" src=\"https:\/\/levosil.com\/wp-content\/uploads\/2024\/10\/lvs-container-08.jpg\" title='lvs-container-08' alt='' srcset=\"https:\/\/levosil.com\/wp-content\/uploads\/2024\/10\/lvs-container-08.jpg 1920w, https:\/\/levosil.com\/wp-content\/uploads\/2024\/10\/lvs-container-08-300x200.jpg 300w, https:\/\/levosil.com\/wp-content\/uploads\/2024\/10\/lvs-container-08-1030x687.jpg 1030w, https:\/\/levosil.com\/wp-content\/uploads\/2024\/10\/lvs-container-08-768x512.jpg 768w, https:\/\/levosil.com\/wp-content\/uploads\/2024\/10\/lvs-container-08-1536x1024.jpg 1536w, https:\/\/levosil.com\/wp-content\/uploads\/2024\/10\/lvs-container-08-1500x1000.jpg 1500w, https:\/\/levosil.com\/wp-content\/uploads\/2024\/10\/lvs-container-08-705x470.jpg 705w\" sizes=\"(max-width: 1920px) 100vw, 1920px\" \/><\/div><div class=\"av-horizontal-gallery-wrap noHover\"><img decoding=\"async\" fetchpriority=\"high\" class='wp-image-3075 avia-img-lazy-loading-not-3075 av-horizontal-gallery-img' width=\"1920\" height=\"1280\" src=\"https:\/\/levosil.com\/wp-content\/uploads\/2024\/10\/lvs-container-09.jpg\" title='lvs-container-09' alt='' srcset=\"https:\/\/levosil.com\/wp-content\/uploads\/2024\/10\/lvs-container-09.jpg 1920w, https:\/\/levosil.com\/wp-content\/uploads\/2024\/10\/lvs-container-09-300x200.jpg 300w, https:\/\/levosil.com\/wp-content\/uploads\/2024\/10\/lvs-container-09-1030x687.jpg 1030w, https:\/\/levosil.com\/wp-content\/uploads\/2024\/10\/lvs-container-09-768x512.jpg 768w, https:\/\/levosil.com\/wp-content\/uploads\/2024\/10\/lvs-container-09-1536x1024.jpg 1536w, https:\/\/levosil.com\/wp-content\/uploads\/2024\/10\/lvs-container-09-1500x1000.jpg 1500w, https:\/\/levosil.com\/wp-content\/uploads\/2024\/10\/lvs-container-09-705x470.jpg 705w\" sizes=\"(max-width: 1920px) 100vw, 1920px\" \/><\/div><div class=\"av-horizontal-gallery-wrap noHover\"><img decoding=\"async\" fetchpriority=\"high\" class='wp-image-2974 avia-img-lazy-loading-not-2974 av-horizontal-gallery-img' width=\"1920\" height=\"1280\" src=\"https:\/\/levosil.com\/wp-content\/uploads\/2024\/10\/lvs-container-06.jpg\" title='lvs-container-06' alt='' srcset=\"https:\/\/levosil.com\/wp-content\/uploads\/2024\/10\/lvs-container-06.jpg 1920w, https:\/\/levosil.com\/wp-content\/uploads\/2024\/10\/lvs-container-06-300x200.jpg 300w, https:\/\/levosil.com\/wp-content\/uploads\/2024\/10\/lvs-container-06-1030x687.jpg 1030w, https:\/\/levosil.com\/wp-content\/uploads\/2024\/10\/lvs-container-06-768x512.jpg 768w, https:\/\/levosil.com\/wp-content\/uploads\/2024\/10\/lvs-container-06-1536x1024.jpg 1536w, https:\/\/levosil.com\/wp-content\/uploads\/2024\/10\/lvs-container-06-1500x1000.jpg 1500w, https:\/\/levosil.com\/wp-content\/uploads\/2024\/10\/lvs-container-06-705x470.jpg 705w\" sizes=\"(max-width: 1920px) 100vw, 1920px\" \/><\/div><div class=\"av-horizontal-gallery-wrap noHover\"><img decoding=\"async\" fetchpriority=\"high\" class='wp-image-2970 avia-img-lazy-loading-not-2970 av-horizontal-gallery-img' width=\"1920\" height=\"1280\" src=\"https:\/\/levosil.com\/wp-content\/uploads\/2024\/10\/lvs-container-04.jpg\" title='lvs-container-04' alt='' srcset=\"https:\/\/levosil.com\/wp-content\/uploads\/2024\/10\/lvs-container-04.jpg 1920w, https:\/\/levosil.com\/wp-content\/uploads\/2024\/10\/lvs-container-04-300x200.jpg 300w, https:\/\/levosil.com\/wp-content\/uploads\/2024\/10\/lvs-container-04-1030x687.jpg 1030w, https:\/\/levosil.com\/wp-content\/uploads\/2024\/10\/lvs-container-04-768x512.jpg 768w, https:\/\/levosil.com\/wp-content\/uploads\/2024\/10\/lvs-container-04-1536x1024.jpg 1536w, https:\/\/levosil.com\/wp-content\/uploads\/2024\/10\/lvs-container-04-1500x1000.jpg 1500w, https:\/\/levosil.com\/wp-content\/uploads\/2024\/10\/lvs-container-04-705x470.jpg 705w\" sizes=\"(max-width: 1920px) 100vw, 1920px\" \/><\/div><div class=\"av-horizontal-gallery-wrap noHover\"><img decoding=\"async\" fetchpriority=\"high\" class='wp-image-2927 avia-img-lazy-loading-not-2927 av-horizontal-gallery-img' width=\"1920\" height=\"1280\" src=\"https:\/\/levosil.com\/wp-content\/uploads\/2024\/10\/lvs-container-02.jpg\" title='lvs-container-02' alt='' srcset=\"https:\/\/levosil.com\/wp-content\/uploads\/2024\/10\/lvs-container-02.jpg 1920w, https:\/\/levosil.com\/wp-content\/uploads\/2024\/10\/lvs-container-02-300x200.jpg 300w, https:\/\/levosil.com\/wp-content\/uploads\/2024\/10\/lvs-container-02-1030x687.jpg 1030w, https:\/\/levosil.com\/wp-content\/uploads\/2024\/10\/lvs-container-02-768x512.jpg 768w, https:\/\/levosil.com\/wp-content\/uploads\/2024\/10\/lvs-container-02-1536x1024.jpg 1536w, https:\/\/levosil.com\/wp-content\/uploads\/2024\/10\/lvs-container-02-1500x1000.jpg 1500w, https:\/\/levosil.com\/wp-content\/uploads\/2024\/10\/lvs-container-02-705x470.jpg 705w\" sizes=\"(max-width: 1920px) 100vw, 1920px\" \/><\/div><div class=\"av-horizontal-gallery-wrap noHover\"><img decoding=\"async\" fetchpriority=\"high\" class='wp-image-2976 avia-img-lazy-loading-not-2976 av-horizontal-gallery-img' width=\"1929\" height=\"1280\" src=\"https:\/\/levosil.com\/wp-content\/uploads\/2024\/10\/lvs-container-07.jpg\" title='lvs-container-07' alt='' srcset=\"https:\/\/levosil.com\/wp-content\/uploads\/2024\/10\/lvs-container-07.jpg 1929w, https:\/\/levosil.com\/wp-content\/uploads\/2024\/10\/lvs-container-07-300x199.jpg 300w, https:\/\/levosil.com\/wp-content\/uploads\/2024\/10\/lvs-container-07-1030x683.jpg 1030w, https:\/\/levosil.com\/wp-content\/uploads\/2024\/10\/lvs-container-07-768x510.jpg 768w, https:\/\/levosil.com\/wp-content\/uploads\/2024\/10\/lvs-container-07-1536x1019.jpg 1536w, https:\/\/levosil.com\/wp-content\/uploads\/2024\/10\/lvs-container-07-1500x995.jpg 1500w, https:\/\/levosil.com\/wp-content\/uploads\/2024\/10\/lvs-container-07-705x468.jpg 705w\" sizes=\"(max-width: 1929px) 100vw, 1929px\" \/><\/div><\/div><\/div><\/div>\n\n<style type=\"text\/css\" data-created_by=\"avia_inline_auto\" id=\"style-css-av-qgnb9-1bf260c8c7d7c31a4f9d2d516b23fcd1\">\n.avia-section.av-qgnb9-1bf260c8c7d7c31a4f9d2d516b23fcd1{\nbackground-color:#f8f8f8;\nbackground-image:unset;\n}\n<\/style>\n<div id='av_section_3'  class='avia-section av-qgnb9-1bf260c8c7d7c31a4f9d2d516b23fcd1 main_color avia-section-huge avia-no-border-styling  avia-builder-el-11  el_after_av_horizontal_gallery  avia-builder-el-last  avia-bg-style-scroll container_wrap sidebar_right'  ><div class='container av-section-cont-open' ><div class='template-page content  av-content-small alpha units'><div class='post-entry post-entry-type-page post-entry-3257'><div class='entry-content-wrapper clearfix'>\n<div  class='flex_column av-mr5r9-3ee0b78735985ee63175c1542479bc6f av_one_full  avia-builder-el-12  avia-builder-el-no-sibling  first flex_column_div  '     ><p>\n<style type=\"text\/css\" data-created_by=\"avia_inline_auto\" id=\"style-css-av-dbs5x-589f9e4179b3444bcd356dbbebe47a3e\">\n#top .av-special-heading.av-dbs5x-589f9e4179b3444bcd356dbbebe47a3e{\npadding-bottom:10px;\n}\nbody .av-special-heading.av-dbs5x-589f9e4179b3444bcd356dbbebe47a3e .av-special-heading-tag .heading-char{\nfont-size:25px;\n}\n.av-special-heading.av-dbs5x-589f9e4179b3444bcd356dbbebe47a3e .av-subheading{\nfont-size:15px;\n}\n<\/style>\n<div  class='av-special-heading av-dbs5x-589f9e4179b3444bcd356dbbebe47a3e av-special-heading-h3 blockquote modern-quote  avia-builder-el-13  el_before_av_portfolio  avia-builder-el-no-sibling '><h3 class='av-special-heading-tag '  itemprop=\"headline\"  >Scopri tutti i prodotti:<\/h3><div class=\"special-heading-border\"><div class=\"special-heading-inner-border\"><\/div><\/div><\/div><br \/>\n<div  id=\"av-sc-portfolio-1\"  class=\"av-portfolio-grid-sorting-container\"><div class='sort_width_container  av-sort-yes' data-portfolio-id='1' ><div id='js_sort_items' ><div class='sort_by_cat hidden'><a href=\"#\" data-filter=\"all_sort\" class=\"all_sort_button active_sort\"><span class=\"inner_sort_button\"><span>Tutto<\/span><small class=\"av-cat-count\"> 2 <\/small><\/span><\/a><span class=\"text-sep container-protection-it_sort_sep\">\/<\/span><a href=\"#\" data-filter=\"container-protection-it_sort\" class=\"container-protection-it_sort_button\" ><span class=\"inner_sort_button\"><span>Container protection<\/span><small class=\"av-cat-count\"> 2 <\/small><\/span><\/a><\/div><\/div><\/div><div  class=' grid-sort-container isotope   no_margin-container with-excerpt-container grid-total-even grid-col-4 grid-links-' data-portfolio-id='1'><div data-ajax-id='3273' class=' grid-entry flex_column isotope-item all_sort no_margin post-entry post-entry-3273 grid-entry-overview grid-loop-1 grid-parity-odd  container-protection-it_sort  av_one_fourth first default_av_fullwidth '><article class='main_color inner-entry'  itemscope=\"itemscope\" itemtype=\"https:\/\/schema.org\/CreativeWork\" ><a href=\"https:\/\/levosil.com\/it\/product\/levodry-gel\/\" title='Levodry Gel'  data-rel='grid-1' class='grid-image avia-hover-fx'> <img decoding=\"async\" fetchpriority=\"high\" width=\"845\" height=\"684\" src=\"https:\/\/levosil.com\/wp-content\/uploads\/2024\/10\/Levodry-Gel-845x684.jpg\" class=\"wp-image-3129 avia-img-lazy-loading-not-3129 attachment-gallery size-gallery wp-post-image\" alt=\"\" \/><\/a><div class='grid-content'><div class='avia-arrow'><\/div><header class=\"entry-content-header\" aria-label=\"Portfolio: Levodry Gel\"><h3 class='grid-entry-title entry-title '  itemprop=\"headline\" ><a href='https:\/\/levosil.com\/it\/product\/levodry-gel\/' title='Levodry Gel'>Levodry Gel<\/a><\/h3><\/header><\/div><footer class=\"entry-footer\"><\/footer><\/article><\/div><div data-ajax-id='3274' class=' grid-entry flex_column isotope-item all_sort no_margin post-entry post-entry-3274 grid-entry-overview grid-loop-2 grid-parity-even  post-entry-last  container-protection-it_sort  av_one_fourth  default_av_fullwidth '><article class='main_color inner-entry'  itemscope=\"itemscope\" itemtype=\"https:\/\/schema.org\/CreativeWork\" ><a href=\"https:\/\/levosil.com\/it\/product\/borsa-container\/\" title='Borsa Container'  data-rel='grid-1' class='grid-image avia-hover-fx'> <img decoding=\"async\" fetchpriority=\"high\" width=\"845\" height=\"684\" src=\"https:\/\/levosil.com\/wp-content\/uploads\/2024\/05\/Container-Bag-1-845x684.jpg\" class=\"wp-image-3099 avia-img-lazy-loading-not-3099 attachment-gallery size-gallery wp-post-image\" alt=\"\" \/><\/a><div class='grid-content'><div class='avia-arrow'><\/div><header class=\"entry-content-header\" aria-label=\"Portfolio: Borsa Container\"><h3 class='grid-entry-title entry-title '  itemprop=\"headline\" ><a href='https:\/\/levosil.com\/it\/product\/borsa-container\/' title='Borsa Container'>Borsa Container<\/a><\/h3><\/header><\/div><footer class=\"entry-footer\"><\/footer><\/article><\/div><\/div><\/div>   <!--   class=\"av-portfolio-grid-sorting-container\"  --><\/p><\/div>\n<\/div><\/div><\/div><!-- close content main div --><\/div><\/div><div id='after_section_3'  class='main_color av_default_container_wrap container_wrap sidebar_right'  ><div class='container av-section-cont-open' ><div class='template-page content  av-content-small alpha units'><div class='post-entry post-entry-type-page post-entry-3257'><div class='entry-content-wrapper clearfix'>\n","protected":false},"excerpt":{"rendered":"","protected":false},"author":2,"featured_media":0,"parent":3266,"menu_order":0,"comment_status":"closed","ping_status":"closed","template":"","meta":{"footnotes":""},"class_list":["post-3257","page","type-page","status-publish","hentry"],"_links":{"self":[{"href":"https:\/\/levosil.com\/it\/wp-json\/wp\/v2\/pages\/3257","targetHints":{"allow":["GET"]}}],"collection":[{"href":"https:\/\/levosil.com\/it\/wp-json\/wp\/v2\/pages"}],"about":[{"href":"https:\/\/levosil.com\/it\/wp-json\/wp\/v2\/types\/page"}],"author":[{"embeddable":true,"href":"https:\/\/levosil.com\/it\/wp-json\/wp\/v2\/users\/2"}],"replies":[{"embeddable":true,"href":"https:\/\/levosil.com\/it\/wp-json\/wp\/v2\/comments?post=3257"}],"version-history":[{"count":8,"href":"https:\/\/levosil.com\/it\/wp-json\/wp\/v2\/pages\/3257\/revisions"}],"predecessor-version":[{"id":3351,"href":"https:\/\/levosil.com\/it\/wp-json\/wp\/v2\/pages\/3257\/revisions\/3351"}],"up":[{"embeddable":true,"href":"https:\/\/levosil.com\/it\/wp-json\/wp\/v2\/pages\/3266"}],"wp:attachment":[{"href":"https:\/\/levosil.com\/it\/wp-json\/wp\/v2\/media?parent=3257"}],"curies":[{"name":"wp","href":"https:\/\/api.w.org\/{rel}","templated":true}]}}