{"id":3256,"date":"2024-05-07T17:40:35","date_gmt":"2024-05-07T15:40:35","guid":{"rendered":"https:\/\/levosil.com\/humidity-indicators-cards\/"},"modified":"2024-10-31T11:37:21","modified_gmt":"2024-10-31T10:37:21","slug":"indicatori-di-umidita","status":"publish","type":"page","link":"https:\/\/levosil.com\/it\/prodotti\/indicatori-di-umidita\/","title":{"rendered":"Indicatori di Umidit\u00e0"},"content":{"rendered":"\n<style type=\"text\/css\" data-created_by=\"avia_inline_auto\" id=\"style-css-av-1k4yf3-6e5d8b7b0bd3da082e58f9d23be816f4\">\n.avia-section.av-1k4yf3-6e5d8b7b0bd3da082e58f9d23be816f4{\nbackground-color:#0062a3;\nbackground-image:unset;\n}\n<\/style>\n<div id='av_section_1'  class='avia-section av-1k4yf3-6e5d8b7b0bd3da082e58f9d23be816f4 alternate_color avia-section-huge avia-no-border-styling  avia-builder-el-0  el_before_av_section  avia-builder-el-first  avia-bg-style-scroll container_wrap sidebar_right'  ><div class='container av-section-cont-open' ><main  role=\"main\" itemprop=\"mainContentOfPage\"  class='template-page content  av-content-small alpha units'><div class='post-entry post-entry-type-page post-entry-3256'><div class='entry-content-wrapper clearfix'>\n<div  class='flex_column av-1ctqc7-362a126989ac81a9659d72856b51bb00 av_one_full  avia-builder-el-1  avia-builder-el-no-sibling  first flex_column_div  '     ><p>\n<style type=\"text\/css\" data-created_by=\"avia_inline_auto\" id=\"style-css-av-lvz52zj2-d84b2dcca781c989c3f8899a16ce1c4c\">\n#top .av-special-heading.av-lvz52zj2-d84b2dcca781c989c3f8899a16ce1c4c{\npadding-bottom:10px;\ncolor:#ffffff;\n}\nbody .av-special-heading.av-lvz52zj2-d84b2dcca781c989c3f8899a16ce1c4c .av-special-heading-tag .heading-char{\nfont-size:25px;\n}\n.av-special-heading.av-lvz52zj2-d84b2dcca781c989c3f8899a16ce1c4c .special-heading-inner-border{\nborder-color:#ffffff;\n}\n.av-special-heading.av-lvz52zj2-d84b2dcca781c989c3f8899a16ce1c4c .av-subheading{\nfont-size:15px;\n}\n<\/style>\n<div  class='av-special-heading av-lvz52zj2-d84b2dcca781c989c3f8899a16ce1c4c av-special-heading-h1 custom-color-heading blockquote modern-quote  avia-builder-el-2  el_before_av_textblock  avia-builder-el-first '><div class='av_custom_color av-subheading av-subheading_above'><span><span><a href=\"https:\/\/levosil.com\/it\/home\/\">Home<\/a><\/span><\/span>\n<\/div><h1 class='av-special-heading-tag '  itemprop=\"headline\"  >Indicatori di Umidit\u00e0<\/h1><div class=\"special-heading-border\"><div class=\"special-heading-inner-border\"><\/div><\/div><\/div><br \/>\n<section  class='av_textblock_section av-lyy7qqws-fc6c1517f410b004c40d585cfe6de440 '   itemscope=\"itemscope\" itemtype=\"https:\/\/schema.org\/CreativeWork\" ><div class='avia_textblock tag-neg'  itemprop=\"text\" ><p>> protezione in scatola<\/p>\n<\/div><\/section><\/p><\/div>\n\n<\/div><\/div><\/main><!-- close content main element --><\/div><\/div><div id='av_section_2'  class='avia-section av-4i2nz-cab739b2daf70b0b02a6acf681c9a50c main_color avia-section-huge avia-no-border-styling  avia-builder-el-4  el_after_av_section  el_before_av_horizontal_gallery  avia-bg-style-scroll container_wrap sidebar_right'  ><div class='container av-section-cont-open' ><div class='template-page content  av-content-small alpha units'><div class='post-entry post-entry-type-page post-entry-3256'><div class='entry-content-wrapper clearfix'>\n<div  class='flex_column av-15l4e7-5081b86af9b1e3dbf967194238848ff7 av_one_full  avia-builder-el-5  avia-builder-el-no-sibling  first flex_column_div  '     ><p>\n<style type=\"text\/css\" data-created_by=\"avia_inline_auto\" id=\"style-css-av-ys1v3-624059d4dcfae83c215b0087054d7ae5\">\n#top .av-special-heading.av-ys1v3-624059d4dcfae83c215b0087054d7ae5{\npadding-bottom:30px;\n}\nbody .av-special-heading.av-ys1v3-624059d4dcfae83c215b0087054d7ae5 .av-special-heading-tag .heading-char{\nfont-size:25px;\n}\n.av-special-heading.av-ys1v3-624059d4dcfae83c215b0087054d7ae5 .av-subheading{\nfont-size:15px;\n}\n<\/style>\n<div  id=\"quote\"  class='av-special-heading av-ys1v3-624059d4dcfae83c215b0087054d7ae5 av-special-heading-h2 blockquote modern-quote  avia-builder-el-6  el_before_av_textblock  avia-builder-el-first '><h2 class='av-special-heading-tag '  itemprop=\"headline\"  >Tecnologia 100% Cobalt-free per il monitoraggio dell\u2019umidit\u00e0 nel packaging<\/h2><div class=\"special-heading-border\"><div class=\"special-heading-inner-border\"><\/div><\/div><\/div><br \/>\n<section  class='av_textblock_section av-lvz52unp-3c51027c986c2007d5c56e462514376d '   itemscope=\"itemscope\" itemtype=\"https:\/\/schema.org\/CreativeWork\" ><div class='avia_textblock custom-list'  itemprop=\"text\" ><p>Levosil \u00e8 stata una delle prime aziende a sviluppare indicatori di umidit\u00e0 cartacei (HIC) 100% privi di cobalto gli indicatori Levosil garantiscono un monitoraggio preciso dell&#8217;umidit\u00e0, in linea con i rigorosi standard di settore per gli imballaggi elettronici e i protocolli di sicurezza.<\/p>\n<p>La gamma di sacchetti disidratanti e Bevande di Levosil \u00e8 conforme allo standard JEDEC J-STD-033, garantendo una protezione ottimale per l&#8217;elettronica sensibile durante tutto il loro ciclo di vita.<br \/>\nGli indicatori Levosil sono al 100% privi di cobalto e non ci sono sali di cobalto. Il cambio di colore \u00e8 chiaro, preciso e facile da usare.<\/p>\n<p>Indicatori di Umidit\u00e0 100% cobalt free<\/p>\n<ul>\n<li>Totalmente privi di cobalto<\/li>\n<li>La maggior parte delle configurazioni offre livelli di alogeni inferiori a 900 ppm<\/li>\n<li>In conformit\u00e0 con lo standard JEDEC J-STD-033<\/li>\n<li>100% conforme al Rosh<\/li>\n<\/ul>\n<\/div><\/section><\/p><\/div>\n\n\n<style type=\"text\/css\" data-created_by=\"avia_inline_auto\" id=\"style-css-av-bkczj-03fd33c05153db951070bb6d78bb49b7\">\n.av-horizontal-gallery.av-bkczj-03fd33c05153db951070bb6d78bb49b7 .av-horizontal-gallery-inner{\npadding-bottom:20%;\n}\n.av-horizontal-gallery.av-bkczj-03fd33c05153db951070bb6d78bb49b7 .av-horizontal-gallery-slider{\ntransition-duration:0.2s;\n}\n<\/style>\n<div  class='av-horizontal-gallery av-bkczj-03fd33c05153db951070bb6d78bb49b7 av-horizontal-gallery-no-gap av-horizontal-gallery--effect  avia-builder-el-8  el_after_av_section  el_before_av_section  av-slideshow-ui av-control-minimal av-nav-arrows-visible av-nav-dots-visible av-no-slider-navigation av-slideshow-autoplay av-loop-endless av-loop-manual-once av-horizontal-gallery-1' data-slideshow-data=\"{&quot;animation&quot;:&quot;slide&quot;,&quot;autoplay&quot;:true,&quot;loop_autoplay&quot;:&quot;endless&quot;,&quot;interval&quot;:3,&quot;loop_manual&quot;:&quot;manual-once&quot;,&quot;autoplay_stopper&quot;:false,&quot;noNavigation&quot;:false,&quot;bg_slider&quot;:false,&quot;transitionSpeed&quot;:200,&quot;keep_padding&quot;:&quot;&quot;,&quot;hoverpause&quot;:false,&quot;show_slide_delay&quot;:0}\"  itemprop=\"image\" itemscope=\"itemscope\" itemtype=\"https:\/\/schema.org\/ImageObject\" ><div class='avia-slideshow-arrows avia-slideshow-controls' ><a href='#prev' class='prev-slide av-horizontal-gallery-prev avia-svg-icon avia-font-svg_entypo-fontello' data-av_svg_icon='left-open-big' data-av_iconset='svg_entypo-fontello' tabindex='-1' title=\"Prec\"><svg version=\"1.1\" xmlns=\"http:\/\/www.w3.org\/2000\/svg\" width=\"15\" height=\"32\" viewBox=\"0 0 15 32\" preserveAspectRatio=\"xMidYMid meet\" aria-labelledby='av-svg-title-1' aria-describedby='av-svg-desc-1' role=\"graphics-symbol\" aria-hidden=\"true\">\n<title id='av-svg-title-1'>Prec<\/title>\n<desc id='av-svg-desc-1'>Prec<\/desc>\n<path d=\"M14.464 27.84q0.832 0.832 0 1.536-0.832 0.832-1.536 0l-12.544-12.608q-0.768-0.768 0-1.6l12.544-12.608q0.704-0.832 1.536 0 0.832 0.704 0 1.536l-11.456 11.904z\"><\/path>\n<\/svg><span class='avia_hidden_link_text'>Prec<\/span><\/a><a href='#next' class='next-slide av-horizontal-gallery-next avia-svg-icon avia-font-svg_entypo-fontello' data-av_svg_icon='right-open-big' data-av_iconset='svg_entypo-fontello' tabindex='-1' title=\"Succ\"><svg version=\"1.1\" xmlns=\"http:\/\/www.w3.org\/2000\/svg\" width=\"15\" height=\"32\" viewBox=\"0 0 15 32\" preserveAspectRatio=\"xMidYMid meet\" aria-labelledby='av-svg-title-2' aria-describedby='av-svg-desc-2' role=\"graphics-symbol\" aria-hidden=\"true\">\n<title id='av-svg-title-2'>Succ<\/title>\n<desc id='av-svg-desc-2'>Succ<\/desc>\n<path d=\"M0.416 27.84l11.456-11.84-11.456-11.904q-0.832-0.832 0-1.536 0.832-0.832 1.536 0l12.544 12.608q0.768 0.832 0 1.6l-12.544 12.608q-0.704 0.832-1.536 0-0.832-0.704 0-1.536z\"><\/path>\n<\/svg><span class='avia_hidden_link_text'>Succ<\/span><\/a><\/div><div class='av-horizontal-gallery-inner' data-av-height='20'><div class=\"av-horizontal-gallery-slider\"><div class=\"av-horizontal-gallery-wrap noHover\"><img decoding=\"async\" fetchpriority=\"high\" class='wp-image-2882 avia-img-lazy-loading-not-2882 av-horizontal-gallery-img' width=\"1920\" height=\"1280\" src=\"https:\/\/levosil.com\/wp-content\/uploads\/2024\/10\/lvs-indicators-08.jpg\" title='lvs-indicators-08' alt='' srcset=\"https:\/\/levosil.com\/wp-content\/uploads\/2024\/10\/lvs-indicators-08.jpg 1920w, https:\/\/levosil.com\/wp-content\/uploads\/2024\/10\/lvs-indicators-08-300x200.jpg 300w, https:\/\/levosil.com\/wp-content\/uploads\/2024\/10\/lvs-indicators-08-1030x687.jpg 1030w, https:\/\/levosil.com\/wp-content\/uploads\/2024\/10\/lvs-indicators-08-768x512.jpg 768w, https:\/\/levosil.com\/wp-content\/uploads\/2024\/10\/lvs-indicators-08-1536x1024.jpg 1536w, https:\/\/levosil.com\/wp-content\/uploads\/2024\/10\/lvs-indicators-08-1500x1000.jpg 1500w, https:\/\/levosil.com\/wp-content\/uploads\/2024\/10\/lvs-indicators-08-705x470.jpg 705w\" sizes=\"(max-width: 1920px) 100vw, 1920px\" \/><\/div><div class=\"av-horizontal-gallery-wrap noHover\"><img decoding=\"async\" fetchpriority=\"high\" class='wp-image-2868 avia-img-lazy-loading-not-2868 av-horizontal-gallery-img' width=\"1920\" height=\"1280\" src=\"https:\/\/levosil.com\/wp-content\/uploads\/2024\/10\/lvs-indicators-02.jpg\" title='lvs-indicators-02' alt='' srcset=\"https:\/\/levosil.com\/wp-content\/uploads\/2024\/10\/lvs-indicators-02.jpg 1920w, https:\/\/levosil.com\/wp-content\/uploads\/2024\/10\/lvs-indicators-02-300x200.jpg 300w, https:\/\/levosil.com\/wp-content\/uploads\/2024\/10\/lvs-indicators-02-1030x687.jpg 1030w, https:\/\/levosil.com\/wp-content\/uploads\/2024\/10\/lvs-indicators-02-768x512.jpg 768w, https:\/\/levosil.com\/wp-content\/uploads\/2024\/10\/lvs-indicators-02-1536x1024.jpg 1536w, https:\/\/levosil.com\/wp-content\/uploads\/2024\/10\/lvs-indicators-02-1500x1000.jpg 1500w, https:\/\/levosil.com\/wp-content\/uploads\/2024\/10\/lvs-indicators-02-705x470.jpg 705w\" sizes=\"(max-width: 1920px) 100vw, 1920px\" \/><\/div><div class=\"av-horizontal-gallery-wrap noHover\"><img decoding=\"async\" fetchpriority=\"high\" class='wp-image-2876 avia-img-lazy-loading-not-2876 av-horizontal-gallery-img' width=\"1920\" height=\"1280\" src=\"https:\/\/levosil.com\/wp-content\/uploads\/2024\/10\/lvs-indicators-06.jpg\" title='lvs-indicators-06' alt='' srcset=\"https:\/\/levosil.com\/wp-content\/uploads\/2024\/10\/lvs-indicators-06.jpg 1920w, https:\/\/levosil.com\/wp-content\/uploads\/2024\/10\/lvs-indicators-06-300x200.jpg 300w, https:\/\/levosil.com\/wp-content\/uploads\/2024\/10\/lvs-indicators-06-1030x687.jpg 1030w, https:\/\/levosil.com\/wp-content\/uploads\/2024\/10\/lvs-indicators-06-768x512.jpg 768w, https:\/\/levosil.com\/wp-content\/uploads\/2024\/10\/lvs-indicators-06-1536x1024.jpg 1536w, https:\/\/levosil.com\/wp-content\/uploads\/2024\/10\/lvs-indicators-06-1500x1000.jpg 1500w, https:\/\/levosil.com\/wp-content\/uploads\/2024\/10\/lvs-indicators-06-705x470.jpg 705w\" sizes=\"(max-width: 1920px) 100vw, 1920px\" \/><\/div><div class=\"av-horizontal-gallery-wrap noHover\"><img decoding=\"async\" fetchpriority=\"high\" class='wp-image-2989 avia-img-lazy-loading-not-2989 av-horizontal-gallery-img' width=\"1920\" height=\"1282\" src=\"https:\/\/levosil.com\/wp-content\/uploads\/2024\/10\/lvs-indicators-09.jpg\" title='lvs-indicators-09' alt='' srcset=\"https:\/\/levosil.com\/wp-content\/uploads\/2024\/10\/lvs-indicators-09.jpg 1920w, https:\/\/levosil.com\/wp-content\/uploads\/2024\/10\/lvs-indicators-09-300x200.jpg 300w, https:\/\/levosil.com\/wp-content\/uploads\/2024\/10\/lvs-indicators-09-1030x688.jpg 1030w, https:\/\/levosil.com\/wp-content\/uploads\/2024\/10\/lvs-indicators-09-768x513.jpg 768w, https:\/\/levosil.com\/wp-content\/uploads\/2024\/10\/lvs-indicators-09-1536x1026.jpg 1536w, https:\/\/levosil.com\/wp-content\/uploads\/2024\/10\/lvs-indicators-09-1500x1002.jpg 1500w, https:\/\/levosil.com\/wp-content\/uploads\/2024\/10\/lvs-indicators-09-705x471.jpg 705w\" sizes=\"(max-width: 1920px) 100vw, 1920px\" \/><\/div><div class=\"av-horizontal-gallery-wrap noHover\"><img decoding=\"async\" fetchpriority=\"high\" class='wp-image-2866 avia-img-lazy-loading-not-2866 av-horizontal-gallery-img' width=\"1920\" height=\"1280\" src=\"https:\/\/levosil.com\/wp-content\/uploads\/2024\/10\/lvs-indicators-01.jpg\" title='lvs-indicators-01' alt='' srcset=\"https:\/\/levosil.com\/wp-content\/uploads\/2024\/10\/lvs-indicators-01.jpg 1920w, https:\/\/levosil.com\/wp-content\/uploads\/2024\/10\/lvs-indicators-01-300x200.jpg 300w, https:\/\/levosil.com\/wp-content\/uploads\/2024\/10\/lvs-indicators-01-1030x687.jpg 1030w, https:\/\/levosil.com\/wp-content\/uploads\/2024\/10\/lvs-indicators-01-768x512.jpg 768w, https:\/\/levosil.com\/wp-content\/uploads\/2024\/10\/lvs-indicators-01-1536x1024.jpg 1536w, https:\/\/levosil.com\/wp-content\/uploads\/2024\/10\/lvs-indicators-01-1500x1000.jpg 1500w, https:\/\/levosil.com\/wp-content\/uploads\/2024\/10\/lvs-indicators-01-705x470.jpg 705w\" sizes=\"(max-width: 1920px) 100vw, 1920px\" \/><\/div><div class=\"av-horizontal-gallery-wrap noHover\"><img decoding=\"async\" fetchpriority=\"high\" class='wp-image-2878 avia-img-lazy-loading-not-2878 av-horizontal-gallery-img' width=\"1920\" height=\"1280\" src=\"https:\/\/levosil.com\/wp-content\/uploads\/2024\/10\/lvs-indicators-07.jpg\" title='lvs-indicators-07' alt='' srcset=\"https:\/\/levosil.com\/wp-content\/uploads\/2024\/10\/lvs-indicators-07.jpg 1920w, https:\/\/levosil.com\/wp-content\/uploads\/2024\/10\/lvs-indicators-07-300x200.jpg 300w, https:\/\/levosil.com\/wp-content\/uploads\/2024\/10\/lvs-indicators-07-1030x687.jpg 1030w, https:\/\/levosil.com\/wp-content\/uploads\/2024\/10\/lvs-indicators-07-768x512.jpg 768w, https:\/\/levosil.com\/wp-content\/uploads\/2024\/10\/lvs-indicators-07-1536x1024.jpg 1536w, https:\/\/levosil.com\/wp-content\/uploads\/2024\/10\/lvs-indicators-07-1500x1000.jpg 1500w, https:\/\/levosil.com\/wp-content\/uploads\/2024\/10\/lvs-indicators-07-705x470.jpg 705w\" sizes=\"(max-width: 1920px) 100vw, 1920px\" \/><\/div><div class=\"av-horizontal-gallery-wrap noHover\"><img decoding=\"async\" fetchpriority=\"high\" class='wp-image-2874 avia-img-lazy-loading-not-2874 av-horizontal-gallery-img' width=\"1920\" height=\"1282\" src=\"https:\/\/levosil.com\/wp-content\/uploads\/2024\/10\/lvs-indicators-05.jpg\" title='lvs-indicators-05' alt='' srcset=\"https:\/\/levosil.com\/wp-content\/uploads\/2024\/10\/lvs-indicators-05.jpg 1920w, https:\/\/levosil.com\/wp-content\/uploads\/2024\/10\/lvs-indicators-05-300x200.jpg 300w, https:\/\/levosil.com\/wp-content\/uploads\/2024\/10\/lvs-indicators-05-1030x688.jpg 1030w, https:\/\/levosil.com\/wp-content\/uploads\/2024\/10\/lvs-indicators-05-768x513.jpg 768w, https:\/\/levosil.com\/wp-content\/uploads\/2024\/10\/lvs-indicators-05-1536x1026.jpg 1536w, https:\/\/levosil.com\/wp-content\/uploads\/2024\/10\/lvs-indicators-05-1500x1002.jpg 1500w, https:\/\/levosil.com\/wp-content\/uploads\/2024\/10\/lvs-indicators-05-705x471.jpg 705w\" sizes=\"(max-width: 1920px) 100vw, 1920px\" \/><\/div><div class=\"av-horizontal-gallery-wrap noHover\"><img decoding=\"async\" fetchpriority=\"high\" class='wp-image-2870 avia-img-lazy-loading-not-2870 av-horizontal-gallery-img' width=\"1920\" height=\"1280\" src=\"https:\/\/levosil.com\/wp-content\/uploads\/2024\/10\/lvs-indicators-03.jpg\" title='lvs-indicators-03' alt='' srcset=\"https:\/\/levosil.com\/wp-content\/uploads\/2024\/10\/lvs-indicators-03.jpg 1920w, https:\/\/levosil.com\/wp-content\/uploads\/2024\/10\/lvs-indicators-03-300x200.jpg 300w, https:\/\/levosil.com\/wp-content\/uploads\/2024\/10\/lvs-indicators-03-1030x687.jpg 1030w, https:\/\/levosil.com\/wp-content\/uploads\/2024\/10\/lvs-indicators-03-768x512.jpg 768w, https:\/\/levosil.com\/wp-content\/uploads\/2024\/10\/lvs-indicators-03-1536x1024.jpg 1536w, https:\/\/levosil.com\/wp-content\/uploads\/2024\/10\/lvs-indicators-03-1500x1000.jpg 1500w, https:\/\/levosil.com\/wp-content\/uploads\/2024\/10\/lvs-indicators-03-705x470.jpg 705w\" sizes=\"(max-width: 1920px) 100vw, 1920px\" \/><\/div><\/div><\/div><\/div>\n\n<style type=\"text\/css\" data-created_by=\"avia_inline_auto\" id=\"style-css-av-mny0n-3c17a50e3b1fabaf9aa5edbb7459ce9d\">\n.avia-section.av-mny0n-3c17a50e3b1fabaf9aa5edbb7459ce9d{\nbackground-color:#f8f8f8;\nbackground-image:unset;\n}\n<\/style>\n<div id='av_section_3'  class='avia-section av-mny0n-3c17a50e3b1fabaf9aa5edbb7459ce9d main_color avia-section-huge avia-no-border-styling  avia-builder-el-9  el_after_av_horizontal_gallery  avia-builder-el-last  avia-bg-style-scroll container_wrap sidebar_right'  ><div class='container av-section-cont-open' ><div class='template-page content  av-content-small alpha units'><div class='post-entry post-entry-type-page post-entry-3256'><div class='entry-content-wrapper clearfix'>\n<div  class='flex_column av-h3pon-2f2058c73e76670399da78e1b6c785d8 av_one_full  avia-builder-el-10  avia-builder-el-no-sibling  first flex_column_div  '     ><p>\n<style type=\"text\/css\" data-created_by=\"avia_inline_auto\" id=\"style-css-av-bbwz3-ff95de8caa21ead3d88b9d273521ab2c\">\n#top .av-special-heading.av-bbwz3-ff95de8caa21ead3d88b9d273521ab2c{\npadding-bottom:10px;\n}\nbody .av-special-heading.av-bbwz3-ff95de8caa21ead3d88b9d273521ab2c .av-special-heading-tag .heading-char{\nfont-size:25px;\n}\n.av-special-heading.av-bbwz3-ff95de8caa21ead3d88b9d273521ab2c .av-subheading{\nfont-size:15px;\n}\n<\/style>\n<div  class='av-special-heading av-bbwz3-ff95de8caa21ead3d88b9d273521ab2c av-special-heading-h3 blockquote modern-quote  avia-builder-el-11  el_before_av_portfolio  avia-builder-el-no-sibling '><h3 class='av-special-heading-tag '  itemprop=\"headline\"  >Scopri tutti i prodotti:<\/h3><div class=\"special-heading-border\"><div class=\"special-heading-inner-border\"><\/div><\/div><\/div><br \/>\n<div  id=\"av-sc-portfolio-1\"  class=\"av-portfolio-grid-sorting-container\"><div class='sort_width_container  av-sort-yes' data-portfolio-id='1' ><div id='js_sort_items' ><div class='sort_by_cat hidden'><a href=\"#\" data-filter=\"all_sort\" class=\"all_sort_button active_sort\"><span class=\"inner_sort_button\"><span>Tutto<\/span><small class=\"av-cat-count\"> 4 <\/small><\/span><\/a><span class=\"text-sep humidity-indicators-it_sort_sep\">\/<\/span><a href=\"#\" data-filter=\"humidity-indicators-it_sort\" class=\"humidity-indicators-it_sort_button\" ><span class=\"inner_sort_button\"><span>Humidity indicators<\/span><small class=\"av-cat-count\"> 4 <\/small><\/span><\/a><\/div><\/div><\/div><div  class=' grid-sort-container isotope   no_margin-container with-excerpt-container grid-total-even grid-col-4 grid-links-' data-portfolio-id='1'><div data-ajax-id='3269' class=' grid-entry flex_column isotope-item all_sort no_margin post-entry post-entry-3269 grid-entry-overview grid-loop-1 grid-parity-odd  humidity-indicators-it_sort  av_one_fourth first default_av_fullwidth '><article class='main_color inner-entry'  itemscope=\"itemscope\" itemtype=\"https:\/\/schema.org\/CreativeWork\" ><a href=\"https:\/\/levosil.com\/it\/product\/rain-detector\/\" title='Rain Detector'  data-rel='grid-1' class='grid-image avia-hover-fx'> <img decoding=\"async\" fetchpriority=\"high\" width=\"845\" height=\"684\" src=\"https:\/\/levosil.com\/wp-content\/uploads\/2024\/05\/Rain-Detector-845x684.jpg\" class=\"wp-image-3237 avia-img-lazy-loading-not-3237 attachment-gallery size-gallery wp-post-image\" alt=\"\" \/><\/a><div class='grid-content'><div class='avia-arrow'><\/div><header class=\"entry-content-header\" aria-label=\"Portfolio: Rain Detector\"><h3 class='grid-entry-title entry-title '  itemprop=\"headline\" ><a href='https:\/\/levosil.com\/it\/product\/rain-detector\/' title='Rain Detector'>Rain Detector<\/a><\/h3><\/header><\/div><footer class=\"entry-footer\"><\/footer><\/article><\/div><div data-ajax-id='3270' class=' grid-entry flex_column isotope-item all_sort no_margin post-entry post-entry-3270 grid-entry-overview grid-loop-2 grid-parity-even  humidity-indicators-it_sort  av_one_fourth  default_av_fullwidth '><article class='main_color inner-entry'  itemscope=\"itemscope\" itemtype=\"https:\/\/schema.org\/CreativeWork\" ><a href=\"https:\/\/levosil.com\/it\/product\/hic-senza-dicloruro-di-cobalto\/\" title='HIC senza Dicloruro di Cobalto'  data-rel='grid-1' class='grid-image avia-hover-fx'> <img decoding=\"async\" fetchpriority=\"high\" width=\"845\" height=\"684\" src=\"https:\/\/levosil.com\/wp-content\/uploads\/2024\/05\/Cobalt-Dichloride-Free-HIC-845x684.jpg\" class=\"wp-image-3137 avia-img-lazy-loading-not-3137 attachment-gallery size-gallery wp-post-image\" alt=\"\" \/><\/a><div class='grid-content'><div class='avia-arrow'><\/div><header class=\"entry-content-header\" aria-label=\"Portfolio: HIC senza Dicloruro di Cobalto\"><h3 class='grid-entry-title entry-title '  itemprop=\"headline\" ><a href='https:\/\/levosil.com\/it\/product\/hic-senza-dicloruro-di-cobalto\/' title='HIC senza Dicloruro di Cobalto'>HIC senza Dicloruro di Cobalto<\/a><\/h3><\/header><\/div><footer class=\"entry-footer\"><\/footer><\/article><\/div><div data-ajax-id='3271' class=' grid-entry flex_column isotope-item all_sort no_margin post-entry post-entry-3271 grid-entry-overview grid-loop-3 grid-parity-odd  humidity-indicators-it_sort  av_one_fourth  default_av_fullwidth '><article class='main_color inner-entry'  itemscope=\"itemscope\" itemtype=\"https:\/\/schema.org\/CreativeWork\" ><a href=\"https:\/\/levosil.com\/it\/product\/indicatori-di-umidita-100-cobalt-free\/\" title='Indicatori di Umidit\u00e0 100% Cobalt Free'  data-rel='grid-1' class='grid-image avia-hover-fx'> <img decoding=\"async\" fetchpriority=\"high\" width=\"845\" height=\"684\" src=\"https:\/\/levosil.com\/wp-content\/uploads\/2024\/05\/100-Cobalt-Free-845x684.jpg\" class=\"wp-image-3135 avia-img-lazy-loading-not-3135 attachment-gallery size-gallery wp-post-image\" alt=\"\" \/><\/a><div class='grid-content'><div class='avia-arrow'><\/div><header class=\"entry-content-header\" aria-label=\"Portfolio: Indicatori di Umidit\u00e0 100% Cobalt Free\"><h3 class='grid-entry-title entry-title '  itemprop=\"headline\" ><a href='https:\/\/levosil.com\/it\/product\/indicatori-di-umidita-100-cobalt-free\/' title='Indicatori di Umidit\u00e0 100% Cobalt Free'>Indicatori di Umidit\u00e0 100% Cobalt Free<\/a><\/h3><\/header><\/div><footer class=\"entry-footer\"><\/footer><\/article><\/div><div data-ajax-id='3272' class=' grid-entry flex_column isotope-item all_sort no_margin post-entry post-entry-3272 grid-entry-overview grid-loop-4 grid-parity-even  post-entry-last  humidity-indicators-it_sort  av_one_fourth  default_av_fullwidth '><article class='main_color inner-entry'  itemscope=\"itemscope\" itemtype=\"https:\/\/schema.org\/CreativeWork\" ><a href=\"https:\/\/levosil.com\/it\/product\/indicatori-di-umidita-ad-oblo\/\" title='Indicatori di Umidit\u00e0 ad Obl\u00f2'  data-rel='grid-1' class='grid-image avia-hover-fx'> <img decoding=\"async\" fetchpriority=\"high\" width=\"845\" height=\"684\" src=\"https:\/\/levosil.com\/wp-content\/uploads\/2024\/05\/Humidity-Indicator-Plugs-845x684.jpg\" class=\"wp-image-3139 avia-img-lazy-loading-not-3139 attachment-gallery size-gallery wp-post-image\" alt=\"\" \/><\/a><div class='grid-content'><div class='avia-arrow'><\/div><header class=\"entry-content-header\" aria-label=\"Portfolio: Indicatori di Umidit\u00e0 ad Obl\u00f2\"><h3 class='grid-entry-title entry-title '  itemprop=\"headline\" ><a href='https:\/\/levosil.com\/it\/product\/indicatori-di-umidita-ad-oblo\/' title='Indicatori di Umidit\u00e0 ad Obl\u00f2'>Indicatori di Umidit\u00e0 ad Obl\u00f2<\/a><\/h3><\/header><\/div><footer class=\"entry-footer\"><\/footer><\/article><\/div><\/div><\/div>   <!--   class=\"av-portfolio-grid-sorting-container\"  --><\/p><\/div><\/div><\/div><\/div><!-- close content main div --><\/div><\/div><div id='after_section_3'  class='main_color av_default_container_wrap container_wrap sidebar_right'  ><div class='container av-section-cont-open' ><div class='template-page content  av-content-small alpha units'><div class='post-entry post-entry-type-page post-entry-3256'><div class='entry-content-wrapper clearfix'>\n","protected":false},"excerpt":{"rendered":"","protected":false},"author":2,"featured_media":0,"parent":3266,"menu_order":0,"comment_status":"closed","ping_status":"closed","template":"","meta":{"footnotes":""},"class_list":["post-3256","page","type-page","status-publish","hentry"],"_links":{"self":[{"href":"https:\/\/levosil.com\/it\/wp-json\/wp\/v2\/pages\/3256","targetHints":{"allow":["GET"]}}],"collection":[{"href":"https:\/\/levosil.com\/it\/wp-json\/wp\/v2\/pages"}],"about":[{"href":"https:\/\/levosil.com\/it\/wp-json\/wp\/v2\/types\/page"}],"author":[{"embeddable":true,"href":"https:\/\/levosil.com\/it\/wp-json\/wp\/v2\/users\/2"}],"replies":[{"embeddable":true,"href":"https:\/\/levosil.com\/it\/wp-json\/wp\/v2\/comments?post=3256"}],"version-history":[{"count":4,"href":"https:\/\/levosil.com\/it\/wp-json\/wp\/v2\/pages\/3256\/revisions"}],"predecessor-version":[{"id":3349,"href":"https:\/\/levosil.com\/it\/wp-json\/wp\/v2\/pages\/3256\/revisions\/3349"}],"up":[{"embeddable":true,"href":"https:\/\/levosil.com\/it\/wp-json\/wp\/v2\/pages\/3266"}],"wp:attachment":[{"href":"https:\/\/levosil.com\/it\/wp-json\/wp\/v2\/media?parent=3256"}],"curies":[{"name":"wp","href":"https:\/\/api.w.org\/{rel}","templated":true}]}}