{"id":3254,"date":"2024-05-08T15:13:46","date_gmt":"2024-05-08T13:13:46","guid":{"rendered":"https:\/\/levosil.com\/container-protection\/"},"modified":"2024-12-10T12:59:55","modified_gmt":"2024-12-10T11:59:55","slug":"protezione-dei-trasporti-in-container","status":"publish","type":"page","link":"https:\/\/levosil.com\/it\/applicazioni\/protezione-dei-trasporti-in-container\/","title":{"rendered":"Protezione dei Trasporti in Container"},"content":{"rendered":"<\/p>\n\n<style type=\"text\/css\" data-created_by=\"avia_inline_auto\" id=\"style-css-av-j751e-0e77594cfcdd5b7aaca853ad8c631ab1\">\n.avia-section.av-j751e-0e77594cfcdd5b7aaca853ad8c631ab1{\nbackground-color:#0062a3;\nbackground-image:unset;\n}\n<\/style>\n<div id='av_section_1'  class='avia-section av-j751e-0e77594cfcdd5b7aaca853ad8c631ab1 alternate_color avia-section-large avia-no-border-styling  avia-builder-el-0  el_before_av_section  avia-builder-el-first  avia-bg-style-scroll container_wrap sidebar_right'  ><div class='container av-section-cont-open' ><main  role=\"main\" itemprop=\"mainContentOfPage\"  class='template-page content  av-content-small alpha units'><div class='post-entry post-entry-type-page post-entry-3254'><div class='entry-content-wrapper clearfix'>\n<div  id=\"protection\"  class='flex_column av-gjftm-76687d0a3172ff758969611dc3943832 av_two_third  avia-builder-el-1  el_before_av_one_third  avia-builder-el-first  custom-icon-flex first flex_column_div  '     ><p>\n<style type=\"text\/css\" data-created_by=\"avia_inline_auto\" id=\"style-css-av-lw6e4hh4-bd49932e7fa04f86e6408ee22bea13f1\">\n.avia-image-container.av-lw6e4hh4-bd49932e7fa04f86e6408ee22bea13f1 img.avia_image{\nbox-shadow:none;\n}\n.avia-image-container.av-lw6e4hh4-bd49932e7fa04f86e6408ee22bea13f1 .av-image-caption-overlay-center{\ncolor:#ffffff;\n}\n<\/style>\n<div  class='avia-image-container av-lw6e4hh4-bd49932e7fa04f86e6408ee22bea13f1 av-styling- avia-align-left  avia-builder-el-2  el_before_av_heading  avia-builder-el-first  icon-applications'   itemprop=\"image\" itemscope=\"itemscope\" itemtype=\"https:\/\/schema.org\/ImageObject\" ><div class=\"avia-image-container-inner\"><div class=\"avia-image-overlay-wrap\"><img decoding=\"async\" fetchpriority=\"high\" class='wp-image-2013 avia-img-lazy-loading-not-2013 avia_image ' src=\"https:\/\/levosil.com\/wp-content\/uploads\/2024\/05\/protezione-2.png\" alt='' title='protezione'  height=\"422\" width=\"414\"  itemprop=\"thumbnailUrl\" srcset=\"https:\/\/levosil.com\/wp-content\/uploads\/2024\/05\/protezione-2.png 414w, https:\/\/levosil.com\/wp-content\/uploads\/2024\/05\/protezione-2-294x300.png 294w, https:\/\/levosil.com\/wp-content\/uploads\/2024\/05\/protezione-2-36x36.png 36w\" sizes=\"(max-width: 414px) 100vw, 414px\" \/><\/div><\/div><\/div><br \/>\n\n<style type=\"text\/css\" data-created_by=\"avia_inline_auto\" id=\"style-css-av-lvxxkq54-4e10a9b16133d2043c2f5196b66fff4d\">\n#top .av-special-heading.av-lvxxkq54-4e10a9b16133d2043c2f5196b66fff4d{\npadding-bottom:10px;\ncolor:#ffffff;\n}\nbody .av-special-heading.av-lvxxkq54-4e10a9b16133d2043c2f5196b66fff4d .av-special-heading-tag .heading-char{\nfont-size:25px;\n}\n.av-special-heading.av-lvxxkq54-4e10a9b16133d2043c2f5196b66fff4d .special-heading-inner-border{\nborder-color:#ffffff;\n}\n.av-special-heading.av-lvxxkq54-4e10a9b16133d2043c2f5196b66fff4d .av-subheading{\nfont-size:15px;\n}\n<\/style>\n<div  class='av-special-heading av-lvxxkq54-4e10a9b16133d2043c2f5196b66fff4d av-special-heading-h1 custom-color-heading blockquote modern-quote  avia-builder-el-3  el_after_av_image  avia-builder-el-last '><div class='av_custom_color av-subheading av-subheading_above'><span><span><a href=\"https:\/\/levosil.com\/it\/home\/\">Home<\/a><\/span><\/span>\n<\/div><h1 class='av-special-heading-tag '  itemprop=\"headline\"  >Container Protection<\/h1><div class=\"special-heading-border\"><div class=\"special-heading-inner-border\"><\/div><\/div><\/div><\/p><\/div><div  class='flex_column av-6ls1u-8c777376a63d26f13b1c35c7ef346df8 av_one_third  avia-builder-el-4  el_after_av_two_third  avia-builder-el-last  flex_column_div  '     ><\/div>\n\n<\/div><\/div><\/main><!-- close content main element --><\/div><\/div><div id='av_section_2'  class='avia-section av-q0596-7e412b769a380f1ba57606b9a70262c9 main_color avia-section-large avia-no-border-styling  avia-builder-el-5  el_after_av_section  el_before_av_horizontal_gallery  avia-bg-style-scroll container_wrap sidebar_right'  ><div class='container av-section-cont-open' ><div class='template-page content  av-content-small alpha units'><div class='post-entry post-entry-type-page post-entry-3254'><div class='entry-content-wrapper clearfix'>\n<div  class='flex_column av-n0kki-5f1cb8f8414ed54dd241508aa981515a av_two_third  avia-builder-el-6  el_before_av_one_third  avia-builder-el-first  first flex_column_div  '     ><p>\n<style type=\"text\/css\" data-created_by=\"avia_inline_auto\" id=\"style-css-av-lvxxmsbw-bffb4a95d69e4d7a233d3fb3d1618a78\">\n#top .av-special-heading.av-lvxxmsbw-bffb4a95d69e4d7a233d3fb3d1618a78{\npadding-bottom:30px;\n}\nbody .av-special-heading.av-lvxxmsbw-bffb4a95d69e4d7a233d3fb3d1618a78 .av-special-heading-tag .heading-char{\nfont-size:25px;\n}\n.av-special-heading.av-lvxxmsbw-bffb4a95d69e4d7a233d3fb3d1618a78 .av-subheading{\nfont-size:15px;\n}\n<\/style>\n<div  id=\"quote\"  class='av-special-heading av-lvxxmsbw-bffb4a95d69e4d7a233d3fb3d1618a78 av-special-heading-h3 blockquote modern-quote  avia-builder-el-7  el_before_av_textblock  avia-builder-el-first '><h3 class='av-special-heading-tag '  itemprop=\"headline\"  >Proteggere le Merci dall\u2019Umidit\u00e0 Durante i Trasporti via Mare.<\/h3><div class=\"special-heading-border\"><div class=\"special-heading-inner-border\"><\/div><\/div><\/div><br \/>\n<section  class='av_textblock_section av-lvxxmpdm-3371fc709d314b1b57e21649023c0fdf '   itemscope=\"itemscope\" itemtype=\"https:\/\/schema.org\/CreativeWork\" ><div class='avia_textblock'  itemprop=\"text\" ><p>Il trasporto di merci via mare in container presenta una serie di sfide specifiche, soprattutto per quanto riguarda il controllo dell&#8217;umidit\u00e0 eccessiva. I livelli di umidit\u00e0 all&#8217;interno di un container possono variare significativamente a causa delle variazioni di temperatura e delle condizioni climatiche durante il trasporto. Questo pu\u00f2 portare alla formazione di condense che piovendo sui materiali rappresenta un serio rischio per l&#8217;integrit\u00e0 delle merci spedite.<\/p>\n<\/div><\/section><br \/>\n<section  class='av_textblock_section av-lz6rhjk3-b4087b2b43a0a98e6d48f429cb71b493 '   itemscope=\"itemscope\" itemtype=\"https:\/\/schema.org\/CreativeWork\" ><div class='avia_textblock custom-list'  itemprop=\"text\" ><p>L\u2019eccesso di umidit\u00e0 pu\u00f2 causare una serie di problemi, come ad esempio:<\/p>\n<ul>\n<li><strong>Corrosione:<\/strong> i metalli e i componenti elettronici possono corrodersi, causando danni e potenziali guasti.<\/li>\n<li><strong>Muffe e funghi:<\/strong> i materiali organici come tessuti, carta e legno possono sviluppare muffe e funghi, con conseguente deterioramento e rischi per la salute.<\/li>\n<li><strong>Degrado dell&#8217;imballaggio:<\/strong> l&#8217;umidit\u00e0 pu\u00f2 indebolire i materiali di imballaggio, compromettendo la protezione che forniscono al loro contenuto.<\/li>\n<li><strong>Deterioramento del prodotto:<\/strong> alimenti, prodotti farmaceutici e altri prodotti sensibili possono deteriorarsi se esposti a un&#8217;elevata umidit\u00e0, con conseguenti rischi per la qualit\u00e0 e la sicurezza.<\/li>\n<li><strong>Impaccamento delle polveri:<\/strong> le polveri possono assorbire l&#8217;umidit\u00e0 e indurire o creare grumi, rendendole difficili da usare o lavorare.<\/li>\n<li><strong>Danni all&#8217;etichetta:<\/strong> l&#8217;umidit\u00e0 pu\u00f2 causare il distacco o l&#8217;illeggibilit\u00e0 delle etichette, causando problemi con l&#8217;identificazione e la tracciabilit\u00e0 del prodotto.<\/li>\n<li><strong>Reazioni chimiche:<\/strong> alcune sostanze chimiche possono reagire con l&#8217;umidit\u00e0, causando degrado o condizioni pericolose.<\/li>\n<li><strong>Durata di conservazione ridotta:<\/strong> molti prodotti, in particolare gli alimenti, possono avere una durata di conservazione drasticamente ridotta se esposti all&#8217;umidit\u00e0.<\/li>\n<\/ul>\n<\/div><\/section><\/p><\/div>\n<style type=\"text\/css\" data-created_by=\"avia_inline_auto\" id=\"style-css-av-1jtwa-9852828607b404fb00f41de0974c4103\">\n\n@media only screen and (min-width: 990px){ \n.flex_column.av-1jtwa-9852828607b404fb00f41de0974c4103{\nposition:relative;\ntop:-230px;\n}\n}\n<\/style>\n<div  class='flex_column av-1jtwa-9852828607b404fb00f41de0974c4103 av_one_third  avia-builder-el-10  el_after_av_two_third  el_before_av_one_full  flex_column_div av-custom-positioned av-parallax-object  ' data-parallax=\"{&quot;parallax&quot;:&quot;no_parallax&quot;,&quot;parallax_speed&quot;:&quot;no_parallax&quot;,&quot;av-desktop-parallax&quot;:&quot;bottom_top&quot;,&quot;av-desktop-parallax_speed&quot;:&quot;-18&quot;,&quot;av-medium-parallax&quot;:&quot;inherit&quot;,&quot;av-medium-parallax_speed&quot;:&quot;inherit&quot;,&quot;av-small-parallax&quot;:&quot;inherit&quot;,&quot;av-small-parallax_speed&quot;:&quot;inherit&quot;,&quot;av-mini-parallax&quot;:&quot;inherit&quot;,&quot;av-mini-parallax_speed&quot;:&quot;inherit&quot;,&quot;parallax-container&quot;:&quot;.av-1jtwa-9852828607b404fb00f41de0974c4103&quot;}\"    ><style type=\"text\/css\" data-created_by=\"avia_inline_auto\" id=\"style-css-av-9om0q-18d703ed890c49ac625eecf6f7a49176\">\n@keyframes av_boxShadowEffect_av-9om0q-18d703ed890c49ac625eecf6f7a49176 {\n0%   { box-shadow:  0 0 0 0 #354a5e; opacity: 1; }\n100% { box-shadow:  0 0 5px 0 #354a5e; opacity: 1; }\n}\n.avia-image-container.av-9om0q-18d703ed890c49ac625eecf6f7a49176 img.avia_image{\nbox-shadow: 0 0 5px 0 #354a5e;\n}\n.avia-image-container.av-9om0q-18d703ed890c49ac625eecf6f7a49176 .av-image-caption-overlay-center{\ncolor:#ffffff;\n}\n<\/style>\n<div  class='avia-image-container av-9om0q-18d703ed890c49ac625eecf6f7a49176 av-styling- avia-align-center  avia-builder-el-11  avia-builder-el-no-sibling  av-img-box-shadow av-box-shadow-not-animated'   itemprop=\"image\" itemscope=\"itemscope\" itemtype=\"https:\/\/schema.org\/ImageObject\" ><div class=\"avia-image-container-inner\"><div class=\"avia-image-overlay-wrap\"><img decoding=\"async\" fetchpriority=\"high\" class='wp-image-2925 avia-img-lazy-loading-not-2925 avia_image shadow-not-animated' src=\"https:\/\/levosil.com\/wp-content\/uploads\/2024\/10\/lvs-container-01.jpg\" alt='' title='lvs-container-01'  height=\"1920\" width=\"1280\"  itemprop=\"thumbnailUrl\" srcset=\"https:\/\/levosil.com\/wp-content\/uploads\/2024\/10\/lvs-container-01.jpg 1280w, https:\/\/levosil.com\/wp-content\/uploads\/2024\/10\/lvs-container-01-200x300.jpg 200w, https:\/\/levosil.com\/wp-content\/uploads\/2024\/10\/lvs-container-01-687x1030.jpg 687w, https:\/\/levosil.com\/wp-content\/uploads\/2024\/10\/lvs-container-01-768x1152.jpg 768w, https:\/\/levosil.com\/wp-content\/uploads\/2024\/10\/lvs-container-01-1024x1536.jpg 1024w, https:\/\/levosil.com\/wp-content\/uploads\/2024\/10\/lvs-container-01-1000x1500.jpg 1000w, https:\/\/levosil.com\/wp-content\/uploads\/2024\/10\/lvs-container-01-470x705.jpg 470w\" sizes=\"(max-width: 1280px) 100vw, 1280px\" \/><\/div><\/div><\/div><\/div><div  class='flex_column av-av_one_full-753d03be8845da87da60299c8f023eed av_one_full  avia-builder-el-12  el_after_av_one_third  avia-builder-el-last  first flex_column_div  column-top-margin'     ><style type=\"text\/css\" data-created_by=\"avia_inline_auto\" id=\"style-css-av-m2x575wa-c3e45baa4ab70a1a7151a4dd2a2a2941\">\n#top .av_textblock_section.av-m2x575wa-c3e45baa4ab70a1a7151a4dd2a2a2941 .avia_textblock{\ncolumn-count:2;\ncolumn-gap:50px;\n}\n\n@media only screen and (max-width: 767px){ \n#top .av_textblock_section.av-m2x575wa-c3e45baa4ab70a1a7151a4dd2a2a2941 .avia_textblock{\ncolumn-count:1;\n}\n.av_textblock_section.av-m2x575wa-c3e45baa4ab70a1a7151a4dd2a2a2941 .avia_textblock.av_multi_colums > p:first-child{\nmargin-top:0.85em;\n}\n}\n<\/style>\n<section  class='av_textblock_section av-m2x575wa-c3e45baa4ab70a1a7151a4dd2a2a2941 '   itemscope=\"itemscope\" itemtype=\"https:\/\/schema.org\/CreativeWork\" ><div class='avia_textblock custom-list av_multi_colums'  itemprop=\"text\" ><p>L&#8217;assorbimento dell&#8217;umidit\u00e0 all&#8217;interno dei contenitori \u00e8 particolarmente importante durante il trasporto di acqua minerale. L&#8217;umidit\u00e0 in eccesso pu\u00f2 compromettere l&#8217;integrit\u00e0 dell&#8217;imballaggio, causare danni all&#8217;etichetta e favorire la formazione di muffe, compromettendo cos\u00ec la qualit\u00e0 del prodotto all&#8217;arrivo.<\/p>\n<p>I prodotti Levosil controllano efficacemente l&#8217;umidit\u00e0 durante il trasporto via mare, garantendo che le merci rimangano asciutte e protette dai danni legati all&#8217;umidit\u00e0 durante il loro viaggio.<\/p>\n<p>L&#8217;uso di disidratanti durante il trasporto di container via mare aiuta a mantenere la qualit\u00e0 delle merci trasportate e riduce le perdite dovute a danni, garantendo che i prodotti arrivino in condizioni ottimali.<br \/>\nI sacchetti disidratanti utilizzati all&#8217;interno dei container durante il trasporto via mare sono adatti anche per la protezione delle spedizioni alimentari, in quanto non alterano le propriet\u00e0 organolettiche degli alimenti trasportati e non emettono gas. I disidratanti Levosil per la protezione dei container, infatti, agiscono esclusivamente rimuovendo l\u2019umidit\u00e0 dall\u2019ambiente.<\/p>\n<\/div><\/section><\/div>\n<style type=\"text\/css\" data-created_by=\"avia_inline_auto\" id=\"style-css-av-986yy-8b9931e8048de9eed463b2fab2991cf4\">\n.av-horizontal-gallery.av-986yy-8b9931e8048de9eed463b2fab2991cf4 .av-horizontal-gallery-inner{\npadding-bottom:20%;\n}\n.av-horizontal-gallery.av-986yy-8b9931e8048de9eed463b2fab2991cf4 .av-horizontal-gallery-slider{\ntransition-duration:0.2s;\n}\n<\/style>\n<div  class='av-horizontal-gallery av-986yy-8b9931e8048de9eed463b2fab2991cf4 av-horizontal-gallery-no-gap av-horizontal-gallery--effect  avia-builder-el-14  el_after_av_section  avia-builder-el-last  av-slideshow-ui av-control-minimal av-nav-arrows-visible av-nav-dots-visible av-no-slider-navigation av-slideshow-autoplay av-loop-endless av-loop-manual-once av-horizontal-gallery-1' data-slideshow-data=\"{&quot;animation&quot;:&quot;slide&quot;,&quot;autoplay&quot;:true,&quot;loop_autoplay&quot;:&quot;endless&quot;,&quot;interval&quot;:3,&quot;loop_manual&quot;:&quot;manual-once&quot;,&quot;autoplay_stopper&quot;:false,&quot;noNavigation&quot;:false,&quot;bg_slider&quot;:false,&quot;transitionSpeed&quot;:200,&quot;keep_padding&quot;:&quot;&quot;,&quot;hoverpause&quot;:false,&quot;show_slide_delay&quot;:0}\"  itemprop=\"image\" itemscope=\"itemscope\" itemtype=\"https:\/\/schema.org\/ImageObject\" ><div class='avia-slideshow-arrows avia-slideshow-controls' ><a href='#prev' class='prev-slide av-horizontal-gallery-prev avia-svg-icon avia-font-svg_entypo-fontello' data-av_svg_icon='left-open-big' data-av_iconset='svg_entypo-fontello' tabindex='-1' title=\"Prec\"><svg version=\"1.1\" xmlns=\"http:\/\/www.w3.org\/2000\/svg\" width=\"15\" height=\"32\" viewBox=\"0 0 15 32\" preserveAspectRatio=\"xMidYMid meet\" aria-labelledby='av-svg-title-1' aria-describedby='av-svg-desc-1' role=\"graphics-symbol\" aria-hidden=\"true\">\n<title id='av-svg-title-1'>Prec<\/title>\n<desc id='av-svg-desc-1'>Prec<\/desc>\n<path d=\"M14.464 27.84q0.832 0.832 0 1.536-0.832 0.832-1.536 0l-12.544-12.608q-0.768-0.768 0-1.6l12.544-12.608q0.704-0.832 1.536 0 0.832 0.704 0 1.536l-11.456 11.904z\"><\/path>\n<\/svg><span class='avia_hidden_link_text'>Prec<\/span><\/a><a href='#next' class='next-slide av-horizontal-gallery-next avia-svg-icon avia-font-svg_entypo-fontello' data-av_svg_icon='right-open-big' data-av_iconset='svg_entypo-fontello' tabindex='-1' title=\"Succ\"><svg version=\"1.1\" xmlns=\"http:\/\/www.w3.org\/2000\/svg\" width=\"15\" height=\"32\" viewBox=\"0 0 15 32\" preserveAspectRatio=\"xMidYMid meet\" aria-labelledby='av-svg-title-2' aria-describedby='av-svg-desc-2' role=\"graphics-symbol\" aria-hidden=\"true\">\n<title id='av-svg-title-2'>Succ<\/title>\n<desc id='av-svg-desc-2'>Succ<\/desc>\n<path d=\"M0.416 27.84l11.456-11.84-11.456-11.904q-0.832-0.832 0-1.536 0.832-0.832 1.536 0l12.544 12.608q0.768 0.832 0 1.6l-12.544 12.608q-0.704 0.832-1.536 0-0.832-0.704 0-1.536z\"><\/path>\n<\/svg><span class='avia_hidden_link_text'>Succ<\/span><\/a><\/div><div class='av-horizontal-gallery-inner' data-av-height='20'><div class=\"av-horizontal-gallery-slider\"><div class=\"av-horizontal-gallery-wrap noHover\"><img decoding=\"async\" fetchpriority=\"high\" class='wp-image-2978 avia-img-lazy-loading-not-2978 av-horizontal-gallery-img' width=\"1920\" height=\"1280\" src=\"https:\/\/levosil.com\/wp-content\/uploads\/2024\/10\/lvs-container-08.jpg\" title='lvs-container-08' alt='' srcset=\"https:\/\/levosil.com\/wp-content\/uploads\/2024\/10\/lvs-container-08.jpg 1920w, https:\/\/levosil.com\/wp-content\/uploads\/2024\/10\/lvs-container-08-300x200.jpg 300w, https:\/\/levosil.com\/wp-content\/uploads\/2024\/10\/lvs-container-08-1030x687.jpg 1030w, https:\/\/levosil.com\/wp-content\/uploads\/2024\/10\/lvs-container-08-768x512.jpg 768w, https:\/\/levosil.com\/wp-content\/uploads\/2024\/10\/lvs-container-08-1536x1024.jpg 1536w, https:\/\/levosil.com\/wp-content\/uploads\/2024\/10\/lvs-container-08-1500x1000.jpg 1500w, https:\/\/levosil.com\/wp-content\/uploads\/2024\/10\/lvs-container-08-705x470.jpg 705w\" sizes=\"(max-width: 1920px) 100vw, 1920px\" \/><\/div><div class=\"av-horizontal-gallery-wrap noHover\"><img decoding=\"async\" fetchpriority=\"high\" class='wp-image-2974 avia-img-lazy-loading-not-2974 av-horizontal-gallery-img' width=\"1920\" height=\"1280\" src=\"https:\/\/levosil.com\/wp-content\/uploads\/2024\/10\/lvs-container-06.jpg\" title='lvs-container-06' alt='' srcset=\"https:\/\/levosil.com\/wp-content\/uploads\/2024\/10\/lvs-container-06.jpg 1920w, https:\/\/levosil.com\/wp-content\/uploads\/2024\/10\/lvs-container-06-300x200.jpg 300w, https:\/\/levosil.com\/wp-content\/uploads\/2024\/10\/lvs-container-06-1030x687.jpg 1030w, https:\/\/levosil.com\/wp-content\/uploads\/2024\/10\/lvs-container-06-768x512.jpg 768w, https:\/\/levosil.com\/wp-content\/uploads\/2024\/10\/lvs-container-06-1536x1024.jpg 1536w, https:\/\/levosil.com\/wp-content\/uploads\/2024\/10\/lvs-container-06-1500x1000.jpg 1500w, https:\/\/levosil.com\/wp-content\/uploads\/2024\/10\/lvs-container-06-705x470.jpg 705w\" sizes=\"(max-width: 1920px) 100vw, 1920px\" \/><\/div><div class=\"av-horizontal-gallery-wrap noHover\"><img decoding=\"async\" fetchpriority=\"high\" class='wp-image-2976 avia-img-lazy-loading-not-2976 av-horizontal-gallery-img' width=\"1929\" height=\"1280\" src=\"https:\/\/levosil.com\/wp-content\/uploads\/2024\/10\/lvs-container-07.jpg\" title='lvs-container-07' alt='' srcset=\"https:\/\/levosil.com\/wp-content\/uploads\/2024\/10\/lvs-container-07.jpg 1929w, https:\/\/levosil.com\/wp-content\/uploads\/2024\/10\/lvs-container-07-300x199.jpg 300w, https:\/\/levosil.com\/wp-content\/uploads\/2024\/10\/lvs-container-07-1030x683.jpg 1030w, https:\/\/levosil.com\/wp-content\/uploads\/2024\/10\/lvs-container-07-768x510.jpg 768w, https:\/\/levosil.com\/wp-content\/uploads\/2024\/10\/lvs-container-07-1536x1019.jpg 1536w, https:\/\/levosil.com\/wp-content\/uploads\/2024\/10\/lvs-container-07-1500x995.jpg 1500w, https:\/\/levosil.com\/wp-content\/uploads\/2024\/10\/lvs-container-07-705x468.jpg 705w\" sizes=\"(max-width: 1929px) 100vw, 1929px\" \/><\/div><div class=\"av-horizontal-gallery-wrap noHover\"><img decoding=\"async\" fetchpriority=\"high\" class='wp-image-2927 avia-img-lazy-loading-not-2927 av-horizontal-gallery-img' width=\"1920\" height=\"1280\" src=\"https:\/\/levosil.com\/wp-content\/uploads\/2024\/10\/lvs-container-02.jpg\" title='lvs-container-02' alt='' srcset=\"https:\/\/levosil.com\/wp-content\/uploads\/2024\/10\/lvs-container-02.jpg 1920w, https:\/\/levosil.com\/wp-content\/uploads\/2024\/10\/lvs-container-02-300x200.jpg 300w, https:\/\/levosil.com\/wp-content\/uploads\/2024\/10\/lvs-container-02-1030x687.jpg 1030w, https:\/\/levosil.com\/wp-content\/uploads\/2024\/10\/lvs-container-02-768x512.jpg 768w, https:\/\/levosil.com\/wp-content\/uploads\/2024\/10\/lvs-container-02-1536x1024.jpg 1536w, https:\/\/levosil.com\/wp-content\/uploads\/2024\/10\/lvs-container-02-1500x1000.jpg 1500w, https:\/\/levosil.com\/wp-content\/uploads\/2024\/10\/lvs-container-02-705x470.jpg 705w\" sizes=\"(max-width: 1920px) 100vw, 1920px\" \/><\/div><div class=\"av-horizontal-gallery-wrap noHover\"><img decoding=\"async\" fetchpriority=\"high\" class='wp-image-2972 avia-img-lazy-loading-not-2972 av-horizontal-gallery-img' width=\"1920\" height=\"1440\" src=\"https:\/\/levosil.com\/wp-content\/uploads\/2024\/10\/lvs-container-05.jpg\" title='lvs-container-05' alt='' srcset=\"https:\/\/levosil.com\/wp-content\/uploads\/2024\/10\/lvs-container-05.jpg 1920w, https:\/\/levosil.com\/wp-content\/uploads\/2024\/10\/lvs-container-05-300x225.jpg 300w, https:\/\/levosil.com\/wp-content\/uploads\/2024\/10\/lvs-container-05-1030x773.jpg 1030w, https:\/\/levosil.com\/wp-content\/uploads\/2024\/10\/lvs-container-05-768x576.jpg 768w, https:\/\/levosil.com\/wp-content\/uploads\/2024\/10\/lvs-container-05-1536x1152.jpg 1536w, https:\/\/levosil.com\/wp-content\/uploads\/2024\/10\/lvs-container-05-1500x1125.jpg 1500w, https:\/\/levosil.com\/wp-content\/uploads\/2024\/10\/lvs-container-05-705x529.jpg 705w\" sizes=\"(max-width: 1920px) 100vw, 1920px\" \/><\/div><div class=\"av-horizontal-gallery-wrap noHover\"><img decoding=\"async\" fetchpriority=\"high\" class='wp-image-2933 avia-img-lazy-loading-not-2933 av-horizontal-gallery-img' width=\"1280\" height=\"1920\" src=\"https:\/\/levosil.com\/wp-content\/uploads\/2024\/10\/lvs-container-03.jpg\" title='lvs-container-03' alt='' srcset=\"https:\/\/levosil.com\/wp-content\/uploads\/2024\/10\/lvs-container-03.jpg 1280w, https:\/\/levosil.com\/wp-content\/uploads\/2024\/10\/lvs-container-03-200x300.jpg 200w, https:\/\/levosil.com\/wp-content\/uploads\/2024\/10\/lvs-container-03-687x1030.jpg 687w, https:\/\/levosil.com\/wp-content\/uploads\/2024\/10\/lvs-container-03-768x1152.jpg 768w, https:\/\/levosil.com\/wp-content\/uploads\/2024\/10\/lvs-container-03-1024x1536.jpg 1024w, https:\/\/levosil.com\/wp-content\/uploads\/2024\/10\/lvs-container-03-1000x1500.jpg 1000w, https:\/\/levosil.com\/wp-content\/uploads\/2024\/10\/lvs-container-03-470x705.jpg 470w\" sizes=\"(max-width: 1280px) 100vw, 1280px\" \/><\/div><div class=\"av-horizontal-gallery-wrap noHover\"><img decoding=\"async\" fetchpriority=\"high\" class='wp-image-2970 avia-img-lazy-loading-not-2970 av-horizontal-gallery-img' width=\"1920\" height=\"1280\" src=\"https:\/\/levosil.com\/wp-content\/uploads\/2024\/10\/lvs-container-04.jpg\" title='lvs-container-04' alt='' srcset=\"https:\/\/levosil.com\/wp-content\/uploads\/2024\/10\/lvs-container-04.jpg 1920w, https:\/\/levosil.com\/wp-content\/uploads\/2024\/10\/lvs-container-04-300x200.jpg 300w, https:\/\/levosil.com\/wp-content\/uploads\/2024\/10\/lvs-container-04-1030x687.jpg 1030w, https:\/\/levosil.com\/wp-content\/uploads\/2024\/10\/lvs-container-04-768x512.jpg 768w, https:\/\/levosil.com\/wp-content\/uploads\/2024\/10\/lvs-container-04-1536x1024.jpg 1536w, https:\/\/levosil.com\/wp-content\/uploads\/2024\/10\/lvs-container-04-1500x1000.jpg 1500w, https:\/\/levosil.com\/wp-content\/uploads\/2024\/10\/lvs-container-04-705x470.jpg 705w\" sizes=\"(max-width: 1920px) 100vw, 1920px\" \/><\/div><\/div><\/div><\/div><\/p>\n","protected":false},"excerpt":{"rendered":"","protected":false},"author":2,"featured_media":0,"parent":3264,"menu_order":0,"comment_status":"closed","ping_status":"closed","template":"","meta":{"footnotes":""},"class_list":["post-3254","page","type-page","status-publish","hentry"],"_links":{"self":[{"href":"https:\/\/levosil.com\/it\/wp-json\/wp\/v2\/pages\/3254","targetHints":{"allow":["GET"]}}],"collection":[{"href":"https:\/\/levosil.com\/it\/wp-json\/wp\/v2\/pages"}],"about":[{"href":"https:\/\/levosil.com\/it\/wp-json\/wp\/v2\/types\/page"}],"author":[{"embeddable":true,"href":"https:\/\/levosil.com\/it\/wp-json\/wp\/v2\/users\/2"}],"replies":[{"embeddable":true,"href":"https:\/\/levosil.com\/it\/wp-json\/wp\/v2\/comments?post=3254"}],"version-history":[{"count":10,"href":"https:\/\/levosil.com\/it\/wp-json\/wp\/v2\/pages\/3254\/revisions"}],"predecessor-version":[{"id":3862,"href":"https:\/\/levosil.com\/it\/wp-json\/wp\/v2\/pages\/3254\/revisions\/3862"}],"up":[{"embeddable":true,"href":"https:\/\/levosil.com\/it\/wp-json\/wp\/v2\/pages\/3264"}],"wp:attachment":[{"href":"https:\/\/levosil.com\/it\/wp-json\/wp\/v2\/media?parent=3254"}],"curies":[{"name":"wp","href":"https:\/\/api.w.org\/{rel}","templated":true}]}}