{"id":3252,"date":"2024-05-08T15:14:43","date_gmt":"2024-05-08T13:14:43","guid":{"rendered":"https:\/\/levosil.com\/consumer-goods\/"},"modified":"2024-12-10T13:00:23","modified_gmt":"2024-12-10T12:00:23","slug":"beni-di-consumo","status":"publish","type":"page","link":"https:\/\/levosil.com\/it\/applicazioni\/beni-di-consumo\/","title":{"rendered":"Beni di Consumo"},"content":{"rendered":"<\/p>\n\n<style type=\"text\/css\" data-created_by=\"avia_inline_auto\" id=\"style-css-av-kfbbi-cf3ef99e5add34a3335f6378118d768d\">\n.avia-section.av-kfbbi-cf3ef99e5add34a3335f6378118d768d{\nbackground-color:#0062a3;\nbackground-image:unset;\n}\n<\/style>\n<div id='av_section_1'  class='avia-section av-kfbbi-cf3ef99e5add34a3335f6378118d768d alternate_color avia-section-large avia-no-border-styling  avia-builder-el-0  el_before_av_section  avia-builder-el-first  avia-bg-style-scroll container_wrap sidebar_right'  ><div class='container av-section-cont-open' ><main  role=\"main\" itemprop=\"mainContentOfPage\"  class='template-page content  av-content-small alpha units'><div class='post-entry post-entry-type-page post-entry-3252'><div class='entry-content-wrapper clearfix'>\n<div  id=\"leather\"  class='flex_column av-debam-ed5fb3e26fb23a948ef79bfe9638a0e0 av_two_third  avia-builder-el-1  el_before_av_one_third  avia-builder-el-first  custom-icon-flex first flex_column_div  '     ><p>\n<style type=\"text\/css\" data-created_by=\"avia_inline_auto\" id=\"style-css-av-lw6e5gn8-76a25c76662866ebad5c2ec0125672e8\">\n.avia-image-container.av-lw6e5gn8-76a25c76662866ebad5c2ec0125672e8 img.avia_image{\nbox-shadow:none;\n}\n.avia-image-container.av-lw6e5gn8-76a25c76662866ebad5c2ec0125672e8 .av-image-caption-overlay-center{\ncolor:#ffffff;\n}\n<\/style>\n<div  class='avia-image-container av-lw6e5gn8-76a25c76662866ebad5c2ec0125672e8 av-styling- avia-align-left  avia-builder-el-2  el_before_av_heading  avia-builder-el-first  icon-applications'   itemprop=\"image\" itemscope=\"itemscope\" itemtype=\"https:\/\/schema.org\/ImageObject\" ><div class=\"avia-image-container-inner\"><div class=\"avia-image-overlay-wrap\"><img decoding=\"async\" fetchpriority=\"high\" class='wp-image-2011 avia-img-lazy-loading-not-2011 avia_image ' src=\"https:\/\/levosil.com\/wp-content\/uploads\/2024\/05\/pelletteria-2.png\" alt='' title='pelletteria'  height=\"422\" width=\"452\"  itemprop=\"thumbnailUrl\" srcset=\"https:\/\/levosil.com\/wp-content\/uploads\/2024\/05\/pelletteria-2.png 452w, https:\/\/levosil.com\/wp-content\/uploads\/2024\/05\/pelletteria-2-300x280.png 300w\" sizes=\"(max-width: 452px) 100vw, 452px\" \/><\/div><\/div><\/div><br \/>\n\n<style type=\"text\/css\" data-created_by=\"avia_inline_auto\" id=\"style-css-av-lvxxw06u-cc943e0c7ac7597332eec23f77b23730\">\n#top .av-special-heading.av-lvxxw06u-cc943e0c7ac7597332eec23f77b23730{\npadding-bottom:10px;\ncolor:#ffffff;\n}\nbody .av-special-heading.av-lvxxw06u-cc943e0c7ac7597332eec23f77b23730 .av-special-heading-tag .heading-char{\nfont-size:25px;\n}\n.av-special-heading.av-lvxxw06u-cc943e0c7ac7597332eec23f77b23730 .special-heading-inner-border{\nborder-color:#ffffff;\n}\n.av-special-heading.av-lvxxw06u-cc943e0c7ac7597332eec23f77b23730 .av-subheading{\nfont-size:15px;\n}\n<\/style>\n<div  class='av-special-heading av-lvxxw06u-cc943e0c7ac7597332eec23f77b23730 av-special-heading-h1 custom-color-heading blockquote modern-quote  avia-builder-el-3  el_after_av_image  avia-builder-el-last '><div class='av_custom_color av-subheading av-subheading_above'><span><span><a href=\"https:\/\/levosil.com\/it\/home\/\">Home<\/a><\/span><\/span>\n<\/div><h1 class='av-special-heading-tag '  itemprop=\"headline\"  >Beni di Consumo<\/h1><div class=\"special-heading-border\"><div class=\"special-heading-inner-border\"><\/div><\/div><\/div><\/p><\/div><div  class='flex_column av-8f6zq-6c43245c4724ab397ded5fb2f4041e91 av_one_third  avia-builder-el-4  el_after_av_two_third  avia-builder-el-last  flex_column_div  '     ><\/div><\/div><\/div><\/main><!-- close content main element --><\/div><\/div><div id='av_section_2'  class='avia-section av-p2n8m-7e6946d81d23b8a0d7f35054e9870956 main_color avia-section-large avia-no-border-styling  avia-builder-el-5  el_after_av_section  el_before_av_horizontal_gallery  avia-bg-style-scroll container_wrap sidebar_right'  ><div class='container av-section-cont-open' ><div class='template-page content  av-content-small alpha units'><div class='post-entry post-entry-type-page post-entry-3252'><div class='entry-content-wrapper clearfix'>\n<div  class='flex_column av-m0nd2-cf064610593e7882bfcc628def043d97 av_two_third  avia-builder-el-6  el_before_av_one_third  avia-builder-el-first  first flex_column_div  '     ><p>\n<style type=\"text\/css\" data-created_by=\"avia_inline_auto\" id=\"style-css-av-lvxxwfwp-db227b44a20c65bb9a4067e9d586431e\">\n#top .av-special-heading.av-lvxxwfwp-db227b44a20c65bb9a4067e9d586431e{\npadding-bottom:30px;\n}\nbody .av-special-heading.av-lvxxwfwp-db227b44a20c65bb9a4067e9d586431e .av-special-heading-tag .heading-char{\nfont-size:25px;\n}\n.av-special-heading.av-lvxxwfwp-db227b44a20c65bb9a4067e9d586431e .av-subheading{\nfont-size:15px;\n}\n<\/style>\n<div  id=\"quote\"  class='av-special-heading av-lvxxwfwp-db227b44a20c65bb9a4067e9d586431e av-special-heading-h3 blockquote modern-quote  avia-builder-el-7  el_before_av_textblock  avia-builder-el-first '><h3 class='av-special-heading-tag '  itemprop=\"headline\"  >Levosil produce sacchetti disidratanti specifici per la moda e i beni di consumo.<\/h3><div class=\"special-heading-border\"><div class=\"special-heading-inner-border\"><\/div><\/div><\/div><br \/>\n<section  class='av_textblock_section av-lvxxwcyo-02f4a82f4eabd074a258375986735f2b '   itemscope=\"itemscope\" itemtype=\"https:\/\/schema.org\/CreativeWork\" ><div class='avia_textblock'  itemprop=\"text\" ><p>I Micro Bag sono piccole bustine disidratanti che possono essere impiegate nelle applicazioni nelle quali il sacchetto disidratante ha come destinazione ultima il packaging per il pubblico. Si tratta di prodotti stampati con tecnologia alimentare in modo da garantire la massima sicurezza ed evitare ogni possibilit\u00e0 di trasferimento della stampa sui materiali che devono essere protetti. Ovviamente si tratta di sacchetti disidratanti conformi alle norme di sicurezza richieste per i prodotti destinati al pubblico.<\/p>\n<p>Inoltre, Levosil offre una linea di prodotti con involucro in carta certificata FSC; prodotti che permettono di eliminare l\u2019utilizzo della plastica dall\u2019involucro della bustina disidratante. Levosil \u00e8 la prima azienda a produrre sacchetti disidratanti completamente compostabili, permettendo ai suoi clienti nel settore moda di ridurre l&#8217;uso della plastica nel packaging.<\/p>\n<p>\u00c8 importante notare che nessun sacchetto disidratante pu\u00f2 essere dichiarato biodegradabile poich\u00e9 tutti i disidratanti sono a base minerale e la biodegradabilit\u00e0 pu\u00f2 essere certificata solo per materiali non minerali. Per migliorare ulteriormente la sostenibilit\u00e0, la carta utilizzata \u00e8 ufficialmente certificata FSC certificata COC.<\/p>\n<\/div><\/section><\/p><\/div>\n<style type=\"text\/css\" data-created_by=\"avia_inline_auto\" id=\"style-css-av-d0bfq-6fbdbdef72d657bf0257d48e30e7caa3\">\n\n@media only screen and (min-width: 990px){ \n.flex_column.av-d0bfq-6fbdbdef72d657bf0257d48e30e7caa3{\nposition:relative;\ntop:-230px;\n}\n}\n<\/style>\n<div  class='flex_column av-d0bfq-6fbdbdef72d657bf0257d48e30e7caa3 av_one_third  avia-builder-el-9  el_after_av_two_third  avia-builder-el-last  flex_column_div av-custom-positioned av-parallax-object  ' data-parallax=\"{&quot;parallax&quot;:&quot;no_parallax&quot;,&quot;parallax_speed&quot;:&quot;no_parallax&quot;,&quot;av-desktop-parallax&quot;:&quot;bottom_top&quot;,&quot;av-desktop-parallax_speed&quot;:&quot;-18&quot;,&quot;av-medium-parallax&quot;:&quot;inherit&quot;,&quot;av-medium-parallax_speed&quot;:&quot;inherit&quot;,&quot;av-small-parallax&quot;:&quot;inherit&quot;,&quot;av-small-parallax_speed&quot;:&quot;inherit&quot;,&quot;av-mini-parallax&quot;:&quot;inherit&quot;,&quot;av-mini-parallax_speed&quot;:&quot;inherit&quot;,&quot;parallax-container&quot;:&quot;.av-d0bfq-6fbdbdef72d657bf0257d48e30e7caa3&quot;}\"    ><style type=\"text\/css\" data-created_by=\"avia_inline_auto\" id=\"style-css-av-7lzam-a32f90cd7621c72c355ab15abfe48e0d\">\n@keyframes av_boxShadowEffect_av-7lzam-a32f90cd7621c72c355ab15abfe48e0d {\n0%   { box-shadow:  0 0 0 0 #354a5e; opacity: 1; }\n100% { box-shadow:  0 0 5px 0 #354a5e; opacity: 1; }\n}\n.avia-image-container.av-7lzam-a32f90cd7621c72c355ab15abfe48e0d img.avia_image{\nbox-shadow: 0 0 5px 0 #354a5e;\n}\n.avia-image-container.av-7lzam-a32f90cd7621c72c355ab15abfe48e0d .av-image-caption-overlay-center{\ncolor:#ffffff;\n}\n<\/style>\n<div  class='avia-image-container av-7lzam-a32f90cd7621c72c355ab15abfe48e0d av-styling- avia-align-center  avia-builder-el-10  avia-builder-el-no-sibling  av-img-box-shadow av-box-shadow-not-animated'   itemprop=\"image\" itemscope=\"itemscope\" itemtype=\"https:\/\/schema.org\/ImageObject\" ><div class=\"avia-image-container-inner\"><div class=\"avia-image-overlay-wrap\"><img decoding=\"async\" fetchpriority=\"high\" class='wp-image-2799 avia-img-lazy-loading-not-2799 avia_image shadow-not-animated' src=\"https:\/\/levosil.com\/wp-content\/uploads\/2024\/10\/lvs-consumer-goods-01.jpg\" alt='' title='lvs-consumer-goods-01'  height=\"1920\" width=\"1280\"  itemprop=\"thumbnailUrl\" srcset=\"https:\/\/levosil.com\/wp-content\/uploads\/2024\/10\/lvs-consumer-goods-01.jpg 1280w, https:\/\/levosil.com\/wp-content\/uploads\/2024\/10\/lvs-consumer-goods-01-200x300.jpg 200w, https:\/\/levosil.com\/wp-content\/uploads\/2024\/10\/lvs-consumer-goods-01-687x1030.jpg 687w, https:\/\/levosil.com\/wp-content\/uploads\/2024\/10\/lvs-consumer-goods-01-768x1152.jpg 768w, https:\/\/levosil.com\/wp-content\/uploads\/2024\/10\/lvs-consumer-goods-01-1024x1536.jpg 1024w, https:\/\/levosil.com\/wp-content\/uploads\/2024\/10\/lvs-consumer-goods-01-1000x1500.jpg 1000w, https:\/\/levosil.com\/wp-content\/uploads\/2024\/10\/lvs-consumer-goods-01-470x705.jpg 470w\" sizes=\"(max-width: 1280px) 100vw, 1280px\" \/><\/div><\/div><\/div><\/div>\n<style type=\"text\/css\" data-created_by=\"avia_inline_auto\" id=\"style-css-av-10mji-66395beed36997197785247f50e7619d\">\n.av-horizontal-gallery.av-10mji-66395beed36997197785247f50e7619d .av-horizontal-gallery-inner{\npadding-bottom:20%;\n}\n.av-horizontal-gallery.av-10mji-66395beed36997197785247f50e7619d .av-horizontal-gallery-slider{\ntransition-duration:0.2s;\n}\n<\/style>\n<div  class='av-horizontal-gallery av-10mji-66395beed36997197785247f50e7619d av-horizontal-gallery-no-gap av-horizontal-gallery--effect  avia-builder-el-11  el_after_av_section  avia-builder-el-last  av-slideshow-ui av-control-minimal av-nav-arrows-visible av-nav-dots-visible av-no-slider-navigation av-slideshow-autoplay av-loop-endless av-loop-manual-once av-horizontal-gallery-1' data-slideshow-data=\"{&quot;animation&quot;:&quot;slide&quot;,&quot;autoplay&quot;:true,&quot;loop_autoplay&quot;:&quot;endless&quot;,&quot;interval&quot;:3,&quot;loop_manual&quot;:&quot;manual-once&quot;,&quot;autoplay_stopper&quot;:false,&quot;noNavigation&quot;:false,&quot;bg_slider&quot;:false,&quot;transitionSpeed&quot;:200,&quot;keep_padding&quot;:&quot;&quot;,&quot;hoverpause&quot;:false,&quot;show_slide_delay&quot;:0}\"  itemprop=\"image\" itemscope=\"itemscope\" itemtype=\"https:\/\/schema.org\/ImageObject\" ><div class='avia-slideshow-arrows avia-slideshow-controls' ><a href='#prev' class='prev-slide av-horizontal-gallery-prev avia-svg-icon avia-font-svg_entypo-fontello' data-av_svg_icon='left-open-big' data-av_iconset='svg_entypo-fontello' tabindex='-1' title=\"Prec\"><svg version=\"1.1\" xmlns=\"http:\/\/www.w3.org\/2000\/svg\" width=\"15\" height=\"32\" viewBox=\"0 0 15 32\" preserveAspectRatio=\"xMidYMid meet\" aria-labelledby='av-svg-title-1' aria-describedby='av-svg-desc-1' role=\"graphics-symbol\" aria-hidden=\"true\">\n<title id='av-svg-title-1'>Prec<\/title>\n<desc id='av-svg-desc-1'>Prec<\/desc>\n<path d=\"M14.464 27.84q0.832 0.832 0 1.536-0.832 0.832-1.536 0l-12.544-12.608q-0.768-0.768 0-1.6l12.544-12.608q0.704-0.832 1.536 0 0.832 0.704 0 1.536l-11.456 11.904z\"><\/path>\n<\/svg><span class='avia_hidden_link_text'>Prec<\/span><\/a><a href='#next' class='next-slide av-horizontal-gallery-next avia-svg-icon avia-font-svg_entypo-fontello' data-av_svg_icon='right-open-big' data-av_iconset='svg_entypo-fontello' tabindex='-1' title=\"Succ\"><svg version=\"1.1\" xmlns=\"http:\/\/www.w3.org\/2000\/svg\" width=\"15\" height=\"32\" viewBox=\"0 0 15 32\" preserveAspectRatio=\"xMidYMid meet\" aria-labelledby='av-svg-title-2' aria-describedby='av-svg-desc-2' role=\"graphics-symbol\" aria-hidden=\"true\">\n<title id='av-svg-title-2'>Succ<\/title>\n<desc id='av-svg-desc-2'>Succ<\/desc>\n<path d=\"M0.416 27.84l11.456-11.84-11.456-11.904q-0.832-0.832 0-1.536 0.832-0.832 1.536 0l12.544 12.608q0.768 0.832 0 1.6l-12.544 12.608q-0.704 0.832-1.536 0-0.832-0.704 0-1.536z\"><\/path>\n<\/svg><span class='avia_hidden_link_text'>Succ<\/span><\/a><\/div><div class='av-horizontal-gallery-inner' data-av-height='20'><div class=\"av-horizontal-gallery-slider\"><div class=\"av-horizontal-gallery-wrap noHover\"><img decoding=\"async\" fetchpriority=\"high\" class='wp-image-2793 avia-img-lazy-loading-not-2793 av-horizontal-gallery-img' width=\"1440\" height=\"1920\" src=\"https:\/\/levosil.com\/wp-content\/uploads\/2024\/10\/lvs-consumer-goods-02.jpg\" title='lvs-consumer-goods-02' alt='' srcset=\"https:\/\/levosil.com\/wp-content\/uploads\/2024\/10\/lvs-consumer-goods-02.jpg 1440w, https:\/\/levosil.com\/wp-content\/uploads\/2024\/10\/lvs-consumer-goods-02-225x300.jpg 225w, https:\/\/levosil.com\/wp-content\/uploads\/2024\/10\/lvs-consumer-goods-02-773x1030.jpg 773w, https:\/\/levosil.com\/wp-content\/uploads\/2024\/10\/lvs-consumer-goods-02-768x1024.jpg 768w, https:\/\/levosil.com\/wp-content\/uploads\/2024\/10\/lvs-consumer-goods-02-1152x1536.jpg 1152w, https:\/\/levosil.com\/wp-content\/uploads\/2024\/10\/lvs-consumer-goods-02-1125x1500.jpg 1125w, https:\/\/levosil.com\/wp-content\/uploads\/2024\/10\/lvs-consumer-goods-02-529x705.jpg 529w\" sizes=\"(max-width: 1440px) 100vw, 1440px\" \/><\/div><div class=\"av-horizontal-gallery-wrap noHover\"><img decoding=\"async\" fetchpriority=\"high\" class='wp-image-2797 avia-img-lazy-loading-not-2797 av-horizontal-gallery-img' width=\"1920\" height=\"1282\" src=\"https:\/\/levosil.com\/wp-content\/uploads\/2024\/10\/lvs-consumer-goods-04.jpg\" title='lvs-consumer-goods-04' alt='' srcset=\"https:\/\/levosil.com\/wp-content\/uploads\/2024\/10\/lvs-consumer-goods-04.jpg 1920w, https:\/\/levosil.com\/wp-content\/uploads\/2024\/10\/lvs-consumer-goods-04-300x200.jpg 300w, https:\/\/levosil.com\/wp-content\/uploads\/2024\/10\/lvs-consumer-goods-04-1030x688.jpg 1030w, https:\/\/levosil.com\/wp-content\/uploads\/2024\/10\/lvs-consumer-goods-04-768x513.jpg 768w, https:\/\/levosil.com\/wp-content\/uploads\/2024\/10\/lvs-consumer-goods-04-1536x1026.jpg 1536w, https:\/\/levosil.com\/wp-content\/uploads\/2024\/10\/lvs-consumer-goods-04-1500x1002.jpg 1500w, https:\/\/levosil.com\/wp-content\/uploads\/2024\/10\/lvs-consumer-goods-04-705x471.jpg 705w\" sizes=\"(max-width: 1920px) 100vw, 1920px\" \/><\/div><div class=\"av-horizontal-gallery-wrap noHover\"><img decoding=\"async\" fetchpriority=\"high\" class='wp-image-2795 avia-img-lazy-loading-not-2795 av-horizontal-gallery-img' width=\"1920\" height=\"1440\" src=\"https:\/\/levosil.com\/wp-content\/uploads\/2024\/10\/lvs-consumer-goods-03.jpg\" title='lvs-consumer-goods-03' alt='' srcset=\"https:\/\/levosil.com\/wp-content\/uploads\/2024\/10\/lvs-consumer-goods-03.jpg 1920w, https:\/\/levosil.com\/wp-content\/uploads\/2024\/10\/lvs-consumer-goods-03-300x225.jpg 300w, https:\/\/levosil.com\/wp-content\/uploads\/2024\/10\/lvs-consumer-goods-03-1030x773.jpg 1030w, https:\/\/levosil.com\/wp-content\/uploads\/2024\/10\/lvs-consumer-goods-03-768x576.jpg 768w, https:\/\/levosil.com\/wp-content\/uploads\/2024\/10\/lvs-consumer-goods-03-1536x1152.jpg 1536w, https:\/\/levosil.com\/wp-content\/uploads\/2024\/10\/lvs-consumer-goods-03-1500x1125.jpg 1500w, https:\/\/levosil.com\/wp-content\/uploads\/2024\/10\/lvs-consumer-goods-03-705x529.jpg 705w\" sizes=\"(max-width: 1920px) 100vw, 1920px\" \/><\/div><div class=\"av-horizontal-gallery-wrap noHover\"><img decoding=\"async\" fetchpriority=\"high\" class='wp-image-2782 avia-img-lazy-loading-not-2782 av-horizontal-gallery-img' width=\"1920\" height=\"1283\" src=\"https:\/\/levosil.com\/wp-content\/uploads\/2024\/10\/lvs-company-06.jpg\" title='lvs-company-06' alt='' srcset=\"https:\/\/levosil.com\/wp-content\/uploads\/2024\/10\/lvs-company-06.jpg 1920w, https:\/\/levosil.com\/wp-content\/uploads\/2024\/10\/lvs-company-06-300x200.jpg 300w, https:\/\/levosil.com\/wp-content\/uploads\/2024\/10\/lvs-company-06-1030x688.jpg 1030w, https:\/\/levosil.com\/wp-content\/uploads\/2024\/10\/lvs-company-06-768x513.jpg 768w, https:\/\/levosil.com\/wp-content\/uploads\/2024\/10\/lvs-company-06-1536x1026.jpg 1536w, https:\/\/levosil.com\/wp-content\/uploads\/2024\/10\/lvs-company-06-1500x1002.jpg 1500w, https:\/\/levosil.com\/wp-content\/uploads\/2024\/10\/lvs-company-06-705x471.jpg 705w\" sizes=\"(max-width: 1920px) 100vw, 1920px\" \/><\/div><div class=\"av-horizontal-gallery-wrap noHover\"><img decoding=\"async\" fetchpriority=\"high\" class='wp-image-2216 avia-img-lazy-loading-not-2216 av-horizontal-gallery-img' width=\"1081\" height=\"1081\" src=\"https:\/\/levosil.com\/wp-content\/uploads\/2024\/06\/placeholder-logo-square-white.jpg\" title='placeholder-logo-square-white' alt='' srcset=\"https:\/\/levosil.com\/wp-content\/uploads\/2024\/06\/placeholder-logo-square-white.jpg 1081w, https:\/\/levosil.com\/wp-content\/uploads\/2024\/06\/placeholder-logo-square-white-300x300.jpg 300w, https:\/\/levosil.com\/wp-content\/uploads\/2024\/06\/placeholder-logo-square-white-1030x1030.jpg 1030w, https:\/\/levosil.com\/wp-content\/uploads\/2024\/06\/placeholder-logo-square-white-80x80.jpg 80w, https:\/\/levosil.com\/wp-content\/uploads\/2024\/06\/placeholder-logo-square-white-768x768.jpg 768w, https:\/\/levosil.com\/wp-content\/uploads\/2024\/06\/placeholder-logo-square-white-36x36.jpg 36w, https:\/\/levosil.com\/wp-content\/uploads\/2024\/06\/placeholder-logo-square-white-180x180.jpg 180w, https:\/\/levosil.com\/wp-content\/uploads\/2024\/06\/placeholder-logo-square-white-705x705.jpg 705w\" sizes=\"(max-width: 1081px) 100vw, 1081px\" \/><\/div><div class=\"av-horizontal-gallery-wrap noHover\"><img decoding=\"async\" fetchpriority=\"high\" class='wp-image-1492 avia-img-lazy-loading-not-1492 av-horizontal-gallery-img' width=\"1921\" height=\"1081\" src=\"https:\/\/levosil.com\/wp-content\/uploads\/2024\/05\/placeholder-logo-landscape.jpg\" title='placeholder-logo-landscape' alt='' srcset=\"https:\/\/levosil.com\/wp-content\/uploads\/2024\/05\/placeholder-logo-landscape.jpg 1921w, https:\/\/levosil.com\/wp-content\/uploads\/2024\/05\/placeholder-logo-landscape-300x169.jpg 300w, https:\/\/levosil.com\/wp-content\/uploads\/2024\/05\/placeholder-logo-landscape-1030x580.jpg 1030w, https:\/\/levosil.com\/wp-content\/uploads\/2024\/05\/placeholder-logo-landscape-768x432.jpg 768w, https:\/\/levosil.com\/wp-content\/uploads\/2024\/05\/placeholder-logo-landscape-1536x864.jpg 1536w, https:\/\/levosil.com\/wp-content\/uploads\/2024\/05\/placeholder-logo-landscape-1500x844.jpg 1500w, https:\/\/levosil.com\/wp-content\/uploads\/2024\/05\/placeholder-logo-landscape-705x397.jpg 705w\" sizes=\"(max-width: 1921px) 100vw, 1921px\" \/><\/div><\/div><\/div><\/div><\/p>\n","protected":false},"excerpt":{"rendered":"","protected":false},"author":2,"featured_media":0,"parent":3264,"menu_order":0,"comment_status":"closed","ping_status":"closed","template":"","meta":{"footnotes":""},"class_list":["post-3252","page","type-page","status-publish","hentry"],"_links":{"self":[{"href":"https:\/\/levosil.com\/it\/wp-json\/wp\/v2\/pages\/3252","targetHints":{"allow":["GET"]}}],"collection":[{"href":"https:\/\/levosil.com\/it\/wp-json\/wp\/v2\/pages"}],"about":[{"href":"https:\/\/levosil.com\/it\/wp-json\/wp\/v2\/types\/page"}],"author":[{"embeddable":true,"href":"https:\/\/levosil.com\/it\/wp-json\/wp\/v2\/users\/2"}],"replies":[{"embeddable":true,"href":"https:\/\/levosil.com\/it\/wp-json\/wp\/v2\/comments?post=3252"}],"version-history":[{"count":6,"href":"https:\/\/levosil.com\/it\/wp-json\/wp\/v2\/pages\/3252\/revisions"}],"predecessor-version":[{"id":3864,"href":"https:\/\/levosil.com\/it\/wp-json\/wp\/v2\/pages\/3252\/revisions\/3864"}],"up":[{"embeddable":true,"href":"https:\/\/levosil.com\/it\/wp-json\/wp\/v2\/pages\/3264"}],"wp:attachment":[{"href":"https:\/\/levosil.com\/it\/wp-json\/wp\/v2\/media?parent=3252"}],"curies":[{"name":"wp","href":"https:\/\/api.w.org\/{rel}","templated":true}]}}