{"id":3251,"date":"2024-05-08T15:15:05","date_gmt":"2024-05-08T13:15:05","guid":{"rendered":"https:\/\/levosil.com\/electronics\/"},"modified":"2024-12-10T13:01:19","modified_gmt":"2024-12-10T12:01:19","slug":"elettronica","status":"publish","type":"page","link":"https:\/\/levosil.com\/it\/applicazioni\/elettronica\/","title":{"rendered":"Elettronica"},"content":{"rendered":"<\/p>\n\n<style type=\"text\/css\" data-created_by=\"avia_inline_auto\" id=\"style-css-av-2dceg-87553ac0067d61104e07ea7307f734e5\">\n.avia-section.av-2dceg-87553ac0067d61104e07ea7307f734e5{\nbackground-color:#0062a3;\nbackground-image:unset;\n}\n<\/style>\n<div id='av_section_1'  class='avia-section av-2dceg-87553ac0067d61104e07ea7307f734e5 alternate_color avia-section-large avia-no-border-styling  avia-builder-el-0  el_before_av_section  avia-builder-el-first  avia-bg-style-scroll container_wrap sidebar_right'  ><div class='container av-section-cont-open' ><main  role=\"main\" itemprop=\"mainContentOfPage\"  class='template-page content  av-content-small alpha units'><div class='post-entry post-entry-type-page post-entry-3251'><div class='entry-content-wrapper clearfix'>\n<div  id=\"electronics\"  class='flex_column av-g6lmw-c1e024899f063781bd1e3b39c44d08e3 av_two_third  avia-builder-el-1  el_before_av_one_third  avia-builder-el-first  custom-icon-flex first flex_column_div  '     ><p>\n<style type=\"text\/css\" data-created_by=\"avia_inline_auto\" id=\"style-css-av-lw6e73p6-a8658814e05d1e71af234cd004131d47\">\n.avia-image-container.av-lw6e73p6-a8658814e05d1e71af234cd004131d47 img.avia_image{\nbox-shadow:none;\n}\n.avia-image-container.av-lw6e73p6-a8658814e05d1e71af234cd004131d47 .av-image-caption-overlay-center{\ncolor:#ffffff;\n}\n<\/style>\n<div  id=\"electronics\"  class='avia-image-container av-lw6e73p6-a8658814e05d1e71af234cd004131d47 av-styling- avia-align-left  avia-builder-el-2  el_before_av_heading  avia-builder-el-first  icon-applications'   itemprop=\"image\" itemscope=\"itemscope\" itemtype=\"https:\/\/schema.org\/ImageObject\" ><div class=\"avia-image-container-inner\"><div class=\"avia-image-overlay-wrap\"><img decoding=\"async\" fetchpriority=\"high\" class='wp-image-2005 avia-img-lazy-loading-not-2005 avia_image ' src=\"https:\/\/levosil.com\/wp-content\/uploads\/2024\/05\/elettronica-2.png\" alt='' title='elettronica'  height=\"422\" width=\"366\"  itemprop=\"thumbnailUrl\" srcset=\"https:\/\/levosil.com\/wp-content\/uploads\/2024\/05\/elettronica-2.png 366w, https:\/\/levosil.com\/wp-content\/uploads\/2024\/05\/elettronica-2-260x300.png 260w\" sizes=\"(max-width: 366px) 100vw, 366px\" \/><\/div><\/div><\/div><br \/>\n\n<style type=\"text\/css\" data-created_by=\"avia_inline_auto\" id=\"style-css-av-lvxxxg4b-17988c05200ce98b0d273e1dcceaafd1\">\n#top .av-special-heading.av-lvxxxg4b-17988c05200ce98b0d273e1dcceaafd1{\npadding-bottom:10px;\ncolor:#ffffff;\n}\nbody .av-special-heading.av-lvxxxg4b-17988c05200ce98b0d273e1dcceaafd1 .av-special-heading-tag .heading-char{\nfont-size:25px;\n}\n.av-special-heading.av-lvxxxg4b-17988c05200ce98b0d273e1dcceaafd1 .special-heading-inner-border{\nborder-color:#ffffff;\n}\n.av-special-heading.av-lvxxxg4b-17988c05200ce98b0d273e1dcceaafd1 .av-subheading{\nfont-size:15px;\n}\n<\/style>\n<div  class='av-special-heading av-lvxxxg4b-17988c05200ce98b0d273e1dcceaafd1 av-special-heading-h1 custom-color-heading blockquote modern-quote  avia-builder-el-3  el_after_av_image  avia-builder-el-last '><div class='av_custom_color av-subheading av-subheading_above'><span><span><a href=\"https:\/\/levosil.com\/it\/home\/\">Home<\/a><\/span><\/span>\n<\/div><h1 class='av-special-heading-tag '  itemprop=\"headline\"  >Elettronica<\/h1><div class=\"special-heading-border\"><div class=\"special-heading-inner-border\"><\/div><\/div><\/div><\/p><\/div><div  class='flex_column av-99b3k-a91ff3b4ad6f5614d972398bbecfe793 av_one_third  avia-builder-el-4  el_after_av_two_third  avia-builder-el-last  flex_column_div  '     ><\/div><\/div><\/div><\/main><!-- close content main element --><\/div><\/div><div id='av_section_2'  class='avia-section av-lx41s-02eb422e5eac7d8268e157532b146059 main_color avia-section-large avia-no-border-styling  avia-builder-el-5  el_after_av_section  el_before_av_horizontal_gallery  avia-bg-style-scroll container_wrap sidebar_right'  ><div class='container av-section-cont-open' ><div class='template-page content  av-content-small alpha units'><div class='post-entry post-entry-type-page post-entry-3251'><div class='entry-content-wrapper clearfix'>\n<div  class='flex_column av-dmxhc-f667c3ee4cadce220b86441516ba07c0 av_two_third  avia-builder-el-6  el_before_av_one_third  avia-builder-el-first  first flex_column_div  '     ><p>\n<style type=\"text\/css\" data-created_by=\"avia_inline_auto\" id=\"style-css-av-lvxxy3e8-ec3147ce62ac2fbf625f2b74983c3d40\">\n#top .av-special-heading.av-lvxxy3e8-ec3147ce62ac2fbf625f2b74983c3d40{\npadding-bottom:30px;\n}\nbody .av-special-heading.av-lvxxy3e8-ec3147ce62ac2fbf625f2b74983c3d40 .av-special-heading-tag .heading-char{\nfont-size:25px;\n}\n.av-special-heading.av-lvxxy3e8-ec3147ce62ac2fbf625f2b74983c3d40 .av-subheading{\nfont-size:15px;\n}\n<\/style>\n<div  id=\"quote\"  class='av-special-heading av-lvxxy3e8-ec3147ce62ac2fbf625f2b74983c3d40 av-special-heading-h3 blockquote modern-quote  avia-builder-el-7  el_before_av_textblock  avia-builder-el-first '><h3 class='av-special-heading-tag '  itemprop=\"headline\"  >Nell\u2018imballaggio elettronico, il ruolo dei sacchetti disidratanti \u00e8 fondamentale per prevenire danni legati all\u2019umidit\u00e0 ai componenti elettronici, in particolare ai SMD e THT.<\/h3><div class=\"special-heading-border\"><div class=\"special-heading-inner-border\"><\/div><\/div><\/div><br \/>\n<section  class='av_textblock_section av-lvxxxq7x-8fa2cd367d0a1fcc57f8b7937b6c30ec '   itemscope=\"itemscope\" itemtype=\"https:\/\/schema.org\/CreativeWork\" ><div class='avia_textblock'  itemprop=\"text\" ><p>Levosil \u00e8 stata la prima azienda a introdurre nel 2000 una Scheda Indicatrice di Umidit\u00e0 (HIC) funzionante al 100% senza cobalto. Questi indicatori offrono un monitoraggio preciso dell&#8217;umidit\u00e0 senza l\u2019uso di cobalto, rispettando rigorosi standard di settore per il confezionamento di componenti elettronici e le normative di sicurezza. Guidata dall&#8217;impegno per qualit\u00e0 e sostenibilit\u00e0, Levosil migliora costantemente i suoi prodotti, supportando i produttori di elettronica nella protezione dei componenti dai danni causati dall&#8217;umidit\u00e0 durante stoccaggio e trasporto.<\/p>\n<p>I sacchetti disidratanti e le Schede Indicatrici di Umidit\u00e0 di Levosil sono conformi allo standard JEDEC J-STD-033, garantendo una protezione ottimale per l\u2019elettronica sensibile.<\/p>\n<\/div><\/section><\/p><\/div>\n<style type=\"text\/css\" data-created_by=\"avia_inline_auto\" id=\"style-css-av-9cz1k-dccdd797416d9a66e4f9b67ac16d9888\">\n\n@media only screen and (min-width: 990px){ \n.flex_column.av-9cz1k-dccdd797416d9a66e4f9b67ac16d9888{\nposition:relative;\ntop:-230px;\n}\n}\n<\/style>\n<div  class='flex_column av-9cz1k-dccdd797416d9a66e4f9b67ac16d9888 av_one_third  avia-builder-el-9  el_after_av_two_third  avia-builder-el-last  flex_column_div av-custom-positioned av-parallax-object  ' data-parallax=\"{&quot;parallax&quot;:&quot;no_parallax&quot;,&quot;parallax_speed&quot;:&quot;no_parallax&quot;,&quot;av-desktop-parallax&quot;:&quot;bottom_top&quot;,&quot;av-desktop-parallax_speed&quot;:&quot;-18&quot;,&quot;av-medium-parallax&quot;:&quot;inherit&quot;,&quot;av-medium-parallax_speed&quot;:&quot;inherit&quot;,&quot;av-small-parallax&quot;:&quot;inherit&quot;,&quot;av-small-parallax_speed&quot;:&quot;inherit&quot;,&quot;av-mini-parallax&quot;:&quot;inherit&quot;,&quot;av-mini-parallax_speed&quot;:&quot;inherit&quot;,&quot;parallax-container&quot;:&quot;.av-9cz1k-dccdd797416d9a66e4f9b67ac16d9888&quot;}\"    ><style type=\"text\/css\" data-created_by=\"avia_inline_auto\" id=\"style-css-av-lvxy1plx-2dafbc5f551b47e3172b4d06d0866d76\">\n@keyframes av_boxShadowEffect_av-lvxy1plx-2dafbc5f551b47e3172b4d06d0866d76 {\n0%   { box-shadow:  0 0 0 0 #354a5e; opacity: 1; }\n100% { box-shadow:  0 0 5px 0 #354a5e; opacity: 1; }\n}\n.avia-image-container.av-lvxy1plx-2dafbc5f551b47e3172b4d06d0866d76 img.avia_image{\nbox-shadow: 0 0 5px 0 #354a5e;\n}\n.avia-image-container.av-lvxy1plx-2dafbc5f551b47e3172b4d06d0866d76 .av-image-caption-overlay-center{\ncolor:#ffffff;\n}\n<\/style>\n<div  class='avia-image-container av-lvxy1plx-2dafbc5f551b47e3172b4d06d0866d76 av-styling- avia-align-center  avia-builder-el-10  avia-builder-el-no-sibling  av-img-box-shadow av-box-shadow-not-animated'   itemprop=\"image\" itemscope=\"itemscope\" itemtype=\"https:\/\/schema.org\/ImageObject\" ><div class=\"avia-image-container-inner\"><div class=\"avia-image-overlay-wrap\"><img decoding=\"async\" fetchpriority=\"high\" class='wp-image-1072 avia-img-lazy-loading-not-1072 avia_image shadow-not-animated' src=\"https:\/\/levosil.com\/wp-content\/uploads\/2024\/05\/portrait_elettronica.jpg\" alt='' title='portrait_elettronica'  height=\"1920\" width=\"1280\"  itemprop=\"thumbnailUrl\" srcset=\"https:\/\/levosil.com\/wp-content\/uploads\/2024\/05\/portrait_elettronica.jpg 1280w, https:\/\/levosil.com\/wp-content\/uploads\/2024\/05\/portrait_elettronica-200x300.jpg 200w, https:\/\/levosil.com\/wp-content\/uploads\/2024\/05\/portrait_elettronica-687x1030.jpg 687w, https:\/\/levosil.com\/wp-content\/uploads\/2024\/05\/portrait_elettronica-768x1152.jpg 768w, https:\/\/levosil.com\/wp-content\/uploads\/2024\/05\/portrait_elettronica-1024x1536.jpg 1024w, https:\/\/levosil.com\/wp-content\/uploads\/2024\/05\/portrait_elettronica-1000x1500.jpg 1000w, https:\/\/levosil.com\/wp-content\/uploads\/2024\/05\/portrait_elettronica-470x705.jpg 470w\" sizes=\"(max-width: 1280px) 100vw, 1280px\" \/><\/div><\/div><\/div><\/div>\n<style type=\"text\/css\" data-created_by=\"avia_inline_auto\" id=\"style-css-av-8koiw-8617522f069cc5aee2664ee119f1d89b\">\n.av-horizontal-gallery.av-8koiw-8617522f069cc5aee2664ee119f1d89b .av-horizontal-gallery-inner{\npadding-bottom:20%;\n}\n.av-horizontal-gallery.av-8koiw-8617522f069cc5aee2664ee119f1d89b .av-horizontal-gallery-slider{\ntransition-duration:0.2s;\n}\n<\/style>\n<div  class='av-horizontal-gallery av-8koiw-8617522f069cc5aee2664ee119f1d89b av-horizontal-gallery-no-gap av-horizontal-gallery--effect  avia-builder-el-11  el_after_av_section  avia-builder-el-last  av-slideshow-ui av-control-minimal av-nav-arrows-visible av-nav-dots-visible av-no-slider-navigation av-slideshow-autoplay av-loop-endless av-loop-manual-once av-horizontal-gallery-1' data-slideshow-data=\"{&quot;animation&quot;:&quot;slide&quot;,&quot;autoplay&quot;:true,&quot;loop_autoplay&quot;:&quot;endless&quot;,&quot;interval&quot;:3,&quot;loop_manual&quot;:&quot;manual-once&quot;,&quot;autoplay_stopper&quot;:false,&quot;noNavigation&quot;:false,&quot;bg_slider&quot;:false,&quot;transitionSpeed&quot;:200,&quot;keep_padding&quot;:&quot;&quot;,&quot;hoverpause&quot;:false,&quot;show_slide_delay&quot;:0}\"  itemprop=\"image\" itemscope=\"itemscope\" itemtype=\"https:\/\/schema.org\/ImageObject\" ><div class='avia-slideshow-arrows avia-slideshow-controls' ><a href='#prev' class='prev-slide av-horizontal-gallery-prev avia-svg-icon avia-font-svg_entypo-fontello' data-av_svg_icon='left-open-big' data-av_iconset='svg_entypo-fontello' tabindex='-1' title=\"Prec\"><svg version=\"1.1\" xmlns=\"http:\/\/www.w3.org\/2000\/svg\" width=\"15\" height=\"32\" viewBox=\"0 0 15 32\" preserveAspectRatio=\"xMidYMid meet\" aria-labelledby='av-svg-title-1' aria-describedby='av-svg-desc-1' role=\"graphics-symbol\" aria-hidden=\"true\">\n<title id='av-svg-title-1'>Prec<\/title>\n<desc id='av-svg-desc-1'>Prec<\/desc>\n<path d=\"M14.464 27.84q0.832 0.832 0 1.536-0.832 0.832-1.536 0l-12.544-12.608q-0.768-0.768 0-1.6l12.544-12.608q0.704-0.832 1.536 0 0.832 0.704 0 1.536l-11.456 11.904z\"><\/path>\n<\/svg><span class='avia_hidden_link_text'>Prec<\/span><\/a><a href='#next' class='next-slide av-horizontal-gallery-next avia-svg-icon avia-font-svg_entypo-fontello' data-av_svg_icon='right-open-big' data-av_iconset='svg_entypo-fontello' tabindex='-1' title=\"Succ\"><svg version=\"1.1\" xmlns=\"http:\/\/www.w3.org\/2000\/svg\" width=\"15\" height=\"32\" viewBox=\"0 0 15 32\" preserveAspectRatio=\"xMidYMid meet\" aria-labelledby='av-svg-title-2' aria-describedby='av-svg-desc-2' role=\"graphics-symbol\" aria-hidden=\"true\">\n<title id='av-svg-title-2'>Succ<\/title>\n<desc id='av-svg-desc-2'>Succ<\/desc>\n<path d=\"M0.416 27.84l11.456-11.84-11.456-11.904q-0.832-0.832 0-1.536 0.832-0.832 1.536 0l12.544 12.608q0.768 0.832 0 1.6l-12.544 12.608q-0.704 0.832-1.536 0-0.832-0.704 0-1.536z\"><\/path>\n<\/svg><span class='avia_hidden_link_text'>Succ<\/span><\/a><\/div><div class='av-horizontal-gallery-inner' data-av-height='20'><div class=\"av-horizontal-gallery-slider\"><div class=\"av-horizontal-gallery-wrap noHover\"><img decoding=\"async\" fetchpriority=\"high\" class='wp-image-2868 avia-img-lazy-loading-not-2868 av-horizontal-gallery-img' width=\"1920\" height=\"1280\" src=\"https:\/\/levosil.com\/wp-content\/uploads\/2024\/10\/lvs-indicators-02.jpg\" title='lvs-indicators-02' alt='' srcset=\"https:\/\/levosil.com\/wp-content\/uploads\/2024\/10\/lvs-indicators-02.jpg 1920w, https:\/\/levosil.com\/wp-content\/uploads\/2024\/10\/lvs-indicators-02-300x200.jpg 300w, https:\/\/levosil.com\/wp-content\/uploads\/2024\/10\/lvs-indicators-02-1030x687.jpg 1030w, https:\/\/levosil.com\/wp-content\/uploads\/2024\/10\/lvs-indicators-02-768x512.jpg 768w, https:\/\/levosil.com\/wp-content\/uploads\/2024\/10\/lvs-indicators-02-1536x1024.jpg 1536w, https:\/\/levosil.com\/wp-content\/uploads\/2024\/10\/lvs-indicators-02-1500x1000.jpg 1500w, https:\/\/levosil.com\/wp-content\/uploads\/2024\/10\/lvs-indicators-02-705x470.jpg 705w\" sizes=\"(max-width: 1920px) 100vw, 1920px\" \/><\/div><div class=\"av-horizontal-gallery-wrap noHover\"><img decoding=\"async\" fetchpriority=\"high\" class='wp-image-2876 avia-img-lazy-loading-not-2876 av-horizontal-gallery-img' width=\"1920\" height=\"1280\" src=\"https:\/\/levosil.com\/wp-content\/uploads\/2024\/10\/lvs-indicators-06.jpg\" title='lvs-indicators-06' alt='' srcset=\"https:\/\/levosil.com\/wp-content\/uploads\/2024\/10\/lvs-indicators-06.jpg 1920w, https:\/\/levosil.com\/wp-content\/uploads\/2024\/10\/lvs-indicators-06-300x200.jpg 300w, https:\/\/levosil.com\/wp-content\/uploads\/2024\/10\/lvs-indicators-06-1030x687.jpg 1030w, https:\/\/levosil.com\/wp-content\/uploads\/2024\/10\/lvs-indicators-06-768x512.jpg 768w, https:\/\/levosil.com\/wp-content\/uploads\/2024\/10\/lvs-indicators-06-1536x1024.jpg 1536w, https:\/\/levosil.com\/wp-content\/uploads\/2024\/10\/lvs-indicators-06-1500x1000.jpg 1500w, https:\/\/levosil.com\/wp-content\/uploads\/2024\/10\/lvs-indicators-06-705x470.jpg 705w\" sizes=\"(max-width: 1920px) 100vw, 1920px\" \/><\/div><div class=\"av-horizontal-gallery-wrap noHover\"><img decoding=\"async\" fetchpriority=\"high\" class='wp-image-1496 avia-img-lazy-loading-not-1496 av-horizontal-gallery-img' width=\"1081\" height=\"1081\" src=\"https:\/\/levosil.com\/wp-content\/uploads\/2024\/05\/placeholder-logo-square.jpg\" title='placeholder-logo-square' alt='' srcset=\"https:\/\/levosil.com\/wp-content\/uploads\/2024\/05\/placeholder-logo-square.jpg 1081w, https:\/\/levosil.com\/wp-content\/uploads\/2024\/05\/placeholder-logo-square-300x300.jpg 300w, https:\/\/levosil.com\/wp-content\/uploads\/2024\/05\/placeholder-logo-square-1030x1030.jpg 1030w, https:\/\/levosil.com\/wp-content\/uploads\/2024\/05\/placeholder-logo-square-80x80.jpg 80w, https:\/\/levosil.com\/wp-content\/uploads\/2024\/05\/placeholder-logo-square-768x768.jpg 768w, https:\/\/levosil.com\/wp-content\/uploads\/2024\/05\/placeholder-logo-square-36x36.jpg 36w, https:\/\/levosil.com\/wp-content\/uploads\/2024\/05\/placeholder-logo-square-180x180.jpg 180w, https:\/\/levosil.com\/wp-content\/uploads\/2024\/05\/placeholder-logo-square-705x705.jpg 705w\" sizes=\"(max-width: 1081px) 100vw, 1081px\" \/><\/div><div class=\"av-horizontal-gallery-wrap noHover\"><img decoding=\"async\" fetchpriority=\"high\" class='wp-image-2216 avia-img-lazy-loading-not-2216 av-horizontal-gallery-img' width=\"1081\" height=\"1081\" src=\"https:\/\/levosil.com\/wp-content\/uploads\/2024\/06\/placeholder-logo-square-white.jpg\" title='placeholder-logo-square-white' alt='' srcset=\"https:\/\/levosil.com\/wp-content\/uploads\/2024\/06\/placeholder-logo-square-white.jpg 1081w, https:\/\/levosil.com\/wp-content\/uploads\/2024\/06\/placeholder-logo-square-white-300x300.jpg 300w, https:\/\/levosil.com\/wp-content\/uploads\/2024\/06\/placeholder-logo-square-white-1030x1030.jpg 1030w, https:\/\/levosil.com\/wp-content\/uploads\/2024\/06\/placeholder-logo-square-white-80x80.jpg 80w, https:\/\/levosil.com\/wp-content\/uploads\/2024\/06\/placeholder-logo-square-white-768x768.jpg 768w, https:\/\/levosil.com\/wp-content\/uploads\/2024\/06\/placeholder-logo-square-white-36x36.jpg 36w, https:\/\/levosil.com\/wp-content\/uploads\/2024\/06\/placeholder-logo-square-white-180x180.jpg 180w, https:\/\/levosil.com\/wp-content\/uploads\/2024\/06\/placeholder-logo-square-white-705x705.jpg 705w\" sizes=\"(max-width: 1081px) 100vw, 1081px\" \/><\/div><div class=\"av-horizontal-gallery-wrap noHover\"><img decoding=\"async\" fetchpriority=\"high\" class='wp-image-1492 avia-img-lazy-loading-not-1492 av-horizontal-gallery-img' width=\"1921\" height=\"1081\" src=\"https:\/\/levosil.com\/wp-content\/uploads\/2024\/05\/placeholder-logo-landscape.jpg\" title='placeholder-logo-landscape' alt='' srcset=\"https:\/\/levosil.com\/wp-content\/uploads\/2024\/05\/placeholder-logo-landscape.jpg 1921w, https:\/\/levosil.com\/wp-content\/uploads\/2024\/05\/placeholder-logo-landscape-300x169.jpg 300w, https:\/\/levosil.com\/wp-content\/uploads\/2024\/05\/placeholder-logo-landscape-1030x580.jpg 1030w, https:\/\/levosil.com\/wp-content\/uploads\/2024\/05\/placeholder-logo-landscape-768x432.jpg 768w, https:\/\/levosil.com\/wp-content\/uploads\/2024\/05\/placeholder-logo-landscape-1536x864.jpg 1536w, https:\/\/levosil.com\/wp-content\/uploads\/2024\/05\/placeholder-logo-landscape-1500x844.jpg 1500w, https:\/\/levosil.com\/wp-content\/uploads\/2024\/05\/placeholder-logo-landscape-705x397.jpg 705w\" sizes=\"(max-width: 1921px) 100vw, 1921px\" \/><\/div><\/div><\/div><\/div><\/p>\n","protected":false},"excerpt":{"rendered":"","protected":false},"author":2,"featured_media":0,"parent":3264,"menu_order":0,"comment_status":"closed","ping_status":"closed","template":"","meta":{"footnotes":""},"class_list":["post-3251","page","type-page","status-publish","hentry"],"_links":{"self":[{"href":"https:\/\/levosil.com\/it\/wp-json\/wp\/v2\/pages\/3251","targetHints":{"allow":["GET"]}}],"collection":[{"href":"https:\/\/levosil.com\/it\/wp-json\/wp\/v2\/pages"}],"about":[{"href":"https:\/\/levosil.com\/it\/wp-json\/wp\/v2\/types\/page"}],"author":[{"embeddable":true,"href":"https:\/\/levosil.com\/it\/wp-json\/wp\/v2\/users\/2"}],"replies":[{"embeddable":true,"href":"https:\/\/levosil.com\/it\/wp-json\/wp\/v2\/comments?post=3251"}],"version-history":[{"count":4,"href":"https:\/\/levosil.com\/it\/wp-json\/wp\/v2\/pages\/3251\/revisions"}],"predecessor-version":[{"id":3868,"href":"https:\/\/levosil.com\/it\/wp-json\/wp\/v2\/pages\/3251\/revisions\/3868"}],"up":[{"embeddable":true,"href":"https:\/\/levosil.com\/it\/wp-json\/wp\/v2\/pages\/3264"}],"wp:attachment":[{"href":"https:\/\/levosil.com\/it\/wp-json\/wp\/v2\/media?parent=3251"}],"curies":[{"name":"wp","href":"https:\/\/api.w.org\/{rel}","templated":true}]}}